{"id":4237,"date":"2016-10-20T09:18:09","date_gmt":"2016-10-20T09:18:09","guid":{"rendered":"http:\/\/rhb.com.tr\/?page_id=4237&#038;lang=tr"},"modified":"2016-11-22T15:58:20","modified_gmt":"2016-11-22T12:58:20","slug":"owners","status":"publish","type":"page","link":"https:\/\/rhb.com.tr\/tr\/you\/owners\/","title":{"rendered":"\u0130\u015fverenler"},"content":{"rendered":"<\/div><\/div><\/div><!-- close content main div --><\/div><\/div><div id='full_slider_1' class='avia-fullwidth-slider main_color avia-shadow   container_wrap sidebar_right'   ><div  data-size='featured'  data-lightbox_size='large'  data-animation='fade'  data-ids='4100'  data-video_counter='0'  data-autoplay='false'  data-bg_slider='false'  data-slide_height=''  data-handle='av_slideshow_full'  data-interval='5'  data-class=' '  data-css_id=''  data-scroll_down=''  data-control_layout='av-control-default'  data-custom_markup=''  data-perma_caption=''  data-autoplay_stopper=''  data-image_attachment=''  data-min_height='0px'  data-src=''  data-position='top left'  data-repeat='no-repeat'  data-attach='scroll'  data-stretch=''  data-default-height='28.666666666667'  class='avia-slideshow avia-slideshow-1  av-control-default av-default-height-applied avia-slideshow-featured av_slideshow_full   avia-fade-slider '  itemscope=\"itemscope\" itemtype=\"https:\/\/schema.org\/ImageObject\" ><ul class='avia-slideshow-inner' style='padding-bottom: 28.666666666667%;'><li  class=' av-single-slide slide-1 ' ><div data-rel='slideshow-1' class='avia-slide-wrap'  ><img src='https:\/\/rhb.com.tr\/wp-content\/uploads\/2015\/12\/11-owners.jpg' width='1500' height='430' title='11-owners' alt=''  itemprop=\"thumbnailUrl\"   \/><\/div><\/li><\/ul><\/div><\/div>\n<\/div><\/div><\/div><!-- close content main div --><\/div><\/div><div id='av_section_1' class='avia-section main_color avia-section-default avia-no-shadow avia-bg-style-scroll   container_wrap sidebar_right'   ><div class='container' ><div class='template-page content  av-content-small alpha units'><div class='post-entry post-entry-type-page post-entry-4237'><div class='entry-content-wrapper clearfix'>\n<div class=\"flex_column av_one_half  av-animated-generic left-to-right  flex_column_div av-zero-column-padding first  \" style='border-radius:0px; '><section class=\"av_textblock_section \"  itemscope=\"itemscope\" itemtype=\"https:\/\/schema.org\/CreativeWork\" ><div class='avia_textblock  '   itemprop=\"text\" ><div class=\"visualizer-front-container\" id=\"chart_wrapper_visualizer-3474-1981618727\"><style type=\"text\/css\" name=\"visualizer-custom-css\" id=\"customcss-visualizer-3474\">.locker,.locker-loader{position:absolute;top:0;left:0;width:100%;height:100%}.locker{z-index:1000;opacity:.8;background-color:#fff;-ms-filter:\"progid:DXImageTransform.Microsoft.Alpha(Opacity=80)\";filter:alpha(opacity=80)}.locker-loader{z-index:1001;background:url(https:\/\/rhb.com.tr\/wp-content\/plugins\/visualizer\/images\/ajax-loader.gif) no-repeat center center}.dt-button{display:none!important}.visualizer-front-container.visualizer-lazy-render{content-visibility: auto;}.google-visualization-controls-categoryfilter label.google-visualization-controls-label {vertical-align: middle;}.google-visualization-controls-categoryfilter li.goog-inline-block {margin: 0 0.2em;}.google-visualization-controls-categoryfilter li {padding: 0 0.2em;}.visualizer-front-container .dataTables_scrollHeadInner{margin: 0 auto;}<\/style><div id=\"visualizer-3474-1981618727\" class=\"visualizer-front  visualizer-front-3474\"><\/div><!-- Not showing structured data for chart 3474 because description is empty --><\/div>\n<\/div><\/section><\/div><div class=\"flex_column av_one_half  av-animated-generic right-to-left  flex_column_div av-zero-column-padding   \" style='border-radius:0px; '><section class=\"av_textblock_section \"  itemscope=\"itemscope\" itemtype=\"https:\/\/schema.org\/CreativeWork\" ><div class='avia_textblock  '   itemprop=\"text\" ><h1 style=\"text-align: left;\"><span style=\"color: #e10000;\">BIM&#8217;E<\/span> \u0130HT\u0130YACINIZ VAR<\/h1>\n<h3>\u00c7\u00fcnk\u00fc Proje ve\u00a0\u0130n\u015faat End\u00fcstrisi\u00a0verimlilikten \u00e7ok uzak..<\/h3>\n<\/div><\/section><br \/>\n<section class=\"av_textblock_section \"  itemscope=\"itemscope\" itemtype=\"https:\/\/schema.org\/CreativeWork\" ><div class='avia_textblock  '   itemprop=\"text\" ><p>Paul Teicholz (Stanford \u00dcniversitesi) diagram\u0131 end\u00fcstrideki <strong>\u00fcretkenlik d\u00fc\u015f\u00fc\u015f\u00fcn\u00fc<\/strong> a\u00e7\u0131k\u00e7a g\u00f6steriyor.<\/p>\n<p>Ba\u015far\u0131l\u0131 bir<strong> BIM Planlamas\u0131<\/strong> ve <strong>BIM Y\u00f6netimi,<\/strong> s\u00fcre\u00e7lerin daha iyi <strong>kontrol<\/strong> edilmesini sa\u011flar, <strong>beklenmedik maliyetleri<\/strong> b\u00fcy\u00fck oranda <strong>d\u00fc\u015f\u00fcr\u00fcr.<\/strong><\/p>\n<p>Sadece bu neden bile g\u00fcn\u00fcm\u00fczde\u00a0daha fazla \u0130\u015fverenin, Finans\u00f6r\u00fcn ve Sigorta Kurumunun <strong>kontratlar\u0131nda<\/strong> BIM <strong>talep<\/strong> etti\u011fini a\u00e7\u0131klamaya yeter.<\/p>\n<\/div><\/section><\/p><\/div>\n<\/div><\/div><\/div><!-- close content main div --><\/div><\/div><div id='after_section_1' class='main_color av_default_container_wrap container_wrap sidebar_right'   ><div class='container' ><div class='template-page content  av-content-small alpha units'><div class='post-entry post-entry-type-page post-entry-4237'><div class='entry-content-wrapper clearfix'>\n<\/div><\/div><\/div><!-- close content main div --><\/div><\/div><div id='av_section_2' class='avia-section main_color avia-section-default avia-no-shadow avia-bg-style-scroll   container_wrap sidebar_right' style = 'background-color: #fcfcfc; '  ><div class='container' ><div class='template-page content  av-content-small alpha units'><div class='post-entry post-entry-type-page post-entry-4237'><div class='entry-content-wrapper clearfix'>\n<div class=\"flex_column av_one_half  av-animated-generic left-to-right  flex_column_div av-zero-column-padding first  \" style='border-radius:0px; '><div class='avia-image-container  av-styling-    avia-align-left '  itemscope=\"itemscope\" itemtype=\"https:\/\/schema.org\/ImageObject\"  ><div class='avia-image-container-inner'><img class='avia_image ' src='https:\/\/rhb.com.tr\/wp-content\/uploads\/2015\/12\/eir-300x224.gif' alt='' title='EIR'   itemprop=\"thumbnailUrl\"  \/><\/div><\/div><\/div><div class=\"flex_column av_one_half  av-animated-generic right-to-left  flex_column_div av-zero-column-padding   \" style='border-radius:0px; '><section class=\"av_textblock_section \"  itemscope=\"itemscope\" itemtype=\"https:\/\/schema.org\/CreativeWork\" ><div class='avia_textblock  '   itemprop=\"text\" ><h1 style=\"text-align: left;\">BU S\u0130Z\u0130N\u00a0<span style=\"color: #e10000;\">YATIRIMINIZ<\/span><\/h1>\n<h3 style=\"text-align: left;\">T\u00fcm Proje Payda\u015flar\u0131 sizinle ayn\u0131 anlay\u0131\u015fta m\u0131?<\/h3>\n<h3 style=\"text-align: left;\"><\/h3>\n<\/div><\/section><br \/>\n<section class=\"av_textblock_section \"  itemscope=\"itemscope\" itemtype=\"https:\/\/schema.org\/CreativeWork\" ><div class='avia_textblock  '   itemprop=\"text\" ><p>\u0130\u015fverenin <strong>bilgi gereksinimlerini (EIR)<\/strong> anl\u0131yoruz. Daha sonra bu gereksinimleri yerine getirmek i\u00e7in gereken <strong>BIM Kullan\u0131mlar\u0131n\u0131<\/strong> belirliyoruz ve <strong>BIM Stratejisini<\/strong> belirledi\u011fimiz bir uygulama plan\u0131 olu\u015fturuyoruz.<\/p>\n<p>Proje Payda\u015flar\u0131n\u0131n\u00a0i\u015fbirli\u011fini daha da artt\u0131rmak i\u00e7in Uluslararas\u0131 Standartlara (\u00f6r. BS 1192:2015) ve \u00d6rnek\u00a0Tecr\u00fcbelere uygun Standartlar, Metotlar ve Prosed\u00fcrler (<strong>SMP<\/strong>) d\u00f6k\u00fcmanlar\u0131n\u0131 haz\u0131rl\u0131yoruz.<\/p>\n<p>Haz\u0131rlad\u0131\u011f\u0131m\u0131z BIM s\u00fcrecini <strong>ihale \u015farnamesine<\/strong> dahil ediyoruz.<\/p>\n<\/div><\/section><\/p><\/div>\n<\/div><\/div><\/div><!-- close content main div --><\/div><\/div><div id='after_section_2' class='main_color av_default_container_wrap container_wrap sidebar_right'   ><div class='container' ><div class='template-page content  av-content-small alpha units'><div class='post-entry post-entry-type-page post-entry-4237'><div class='entry-content-wrapper clearfix'>\n<\/div><\/div><\/div><!-- close content main div --><\/div><\/div><div id='av_section_3' class='avia-section main_color avia-section-default avia-no-shadow avia-bg-style-scroll   container_wrap sidebar_right'   ><div class='container' ><div class='template-page content  av-content-small alpha units'><div class='post-entry post-entry-type-page post-entry-4237'><div class='entry-content-wrapper clearfix'>\n<div class='flex_column_table av-equal-height-column-flextable -flextable' ><div class=\"flex_column av_one_half  av-animated-generic left-to-right  flex_column_table_cell av-equal-height-column av-align-top av-zero-column-padding first  \" style='border-radius:0px; '><div class='avia-gallery  avia-gallery-1 avia_lazyload avia_animate_when_visible '  itemscope=\"itemscope\" itemtype=\"https:\/\/schema.org\/ImageObject\" ><a class='avia-gallery-big fakeLightbox avianolink noLightbox avia-gallery-big-crop-thumb ' href='https:\/\/rhb.com.tr\/wp-content\/uploads\/2015\/12\/MH.jpg'  data-onclick='1' title='' ><span class='avia-gallery-big-inner'  itemprop=\"thumbnailUrl\" >\t<img width='495' height='350' src='https:\/\/rhb.com.tr\/wp-content\/uploads\/2015\/12\/MH.jpg' title='MH' alt='' \/><\/span><\/a><div class='avia-gallery-thumb'> <a href='https:\/\/rhb.com.tr\/wp-content\/uploads\/2015\/12\/MH.jpg' data-rel='gallery-1' data-prev-img='https:\/\/rhb.com.tr\/wp-content\/uploads\/2015\/12\/MH.jpg' class='first_thumb avianolink noLightbox ' data-onclick='1' title=''  itemprop=\"thumbnailUrl\" ><img  src='https:\/\/rhb.com.tr\/wp-content\/uploads\/2015\/12\/MH.jpg' width='495' height='350'  title='MH' alt='' \/><\/a> <a href='https:\/\/rhb.com.tr\/wp-content\/uploads\/2015\/12\/Issues.jpg' data-rel='gallery-1' data-prev-img='https:\/\/rhb.com.tr\/wp-content\/uploads\/2015\/12\/Issues.jpg' class='avianolink noLightbox ' data-onclick='2' title=''  itemprop=\"thumbnailUrl\" ><img  src='https:\/\/rhb.com.tr\/wp-content\/uploads\/2015\/12\/Issues.jpg' width='495' height='350'  title='Issues' alt='' \/><\/a> <a href='https:\/\/rhb.com.tr\/wp-content\/uploads\/2015\/12\/ClashReport.png' data-rel='gallery-1' data-prev-img='https:\/\/rhb.com.tr\/wp-content\/uploads\/2015\/12\/ClashReport.png' class='avianolink noLightbox ' data-onclick='3' title=''  itemprop=\"thumbnailUrl\" ><img  src='https:\/\/rhb.com.tr\/wp-content\/uploads\/2015\/12\/ClashReport.png' width='495' height='350'  title='ClashReport' alt='' \/><\/a> <a href='https:\/\/rhb.com.tr\/wp-content\/uploads\/2015\/12\/4d.jpg' data-rel='gallery-1' data-prev-img='https:\/\/rhb.com.tr\/wp-content\/uploads\/2015\/12\/4d.jpg' class='avianolink noLightbox ' data-onclick='4' title=''  itemprop=\"thumbnailUrl\" ><img  src='https:\/\/rhb.com.tr\/wp-content\/uploads\/2015\/12\/4d.jpg' width='495' height='350'  title='4d' alt='' \/><\/a><\/div><\/div><\/div><\/div><!--close column table wrapper. Autoclose: 1 --><div class='flex_column_table av-equal-height-column-flextable -flextable' ><div class='av-flex-placeholder'><\/div><div class=\"flex_column av_one_half  av-animated-generic right-to-left  flex_column_table_cell av-equal-height-column av-align-top av-zero-column-padding   \" style='border-radius:0px; '><section class=\"av_textblock_section \"  itemscope=\"itemscope\" itemtype=\"https:\/\/schema.org\/CreativeWork\" ><div class='avia_textblock  '   itemprop=\"text\" ><h1 style=\"text-align: left;\">\u0130\u015e <span style=\"color: #e10000;\">ZEKASI<\/span><\/h1>\n<h3 style=\"text-align: left;\">Bilgiye dayal\u0131 h\u0131zl\u0131 kararlar al\u0131n!<\/h3>\n<\/div><\/section><br \/>\n<section class=\"av_textblock_section \"  itemscope=\"itemscope\" itemtype=\"https:\/\/schema.org\/CreativeWork\" ><div class='avia_textblock  '   itemprop=\"text\" ><p><strong>Bilgisay\u0131ml\u0131 BIM<\/strong>, <strong>Veri Madencili\u011fi<\/strong> teknikleri ve <strong>\u00d6zel Kodlad\u0131\u011f\u0131m\u0131z Uygulamalar\u0131m\u0131zla<\/strong>, t\u00fcm proje s\u00fcre\u00e7lerinde<strong> kritik<\/strong> operasyonlar\u0131n daha iyi <strong>kavranmas\u0131n\u0131<\/strong> sa\u011fl\u0131yor, <strong>yat\u0131r\u0131m\u0131n\u0131z\u0131n<\/strong> her safhas\u0131nda <strong>daha iyi sonu\u00e7lar<\/strong> al\u0131nmas\u0131n\u0131 garantiliyoruz.<\/p>\n<p>\u0130\u015f Program\u0131n\u0131n <strong>4 Boyutlu Analizinden, \u0130lerleme Raporlar\u0131na.. Model Tabanl\u0131 Metrajdan, Maliyet Analizine.. \u00c7ak\u0131\u015fma Kontrol\u00fcnden, Sorun Takibine..<\/strong><\/p>\n<p>Organizasyonunuzdaki herkes <strong>do\u011fru bilgiye, do\u011fru zamanda<\/strong> eri\u015fecek!<\/p>\n<\/div><\/section><\/p><\/div><\/div><!--close column table wrapper. Autoclose: 1 -->\n<\/div><\/div><\/div><!-- close content main div --><\/div><\/div><div id='after_section_3' class='main_color av_default_container_wrap container_wrap sidebar_right'   ><div class='container' ><div class='template-page content  av-content-small alpha units'><div class='post-entry post-entry-type-page post-entry-4237'><div class='entry-content-wrapper clearfix'>\n<\/div><\/div><\/div><!-- close content main div --><\/div><\/div><div id='av_section_4' class='avia-section main_color avia-section-default avia-no-shadow avia-bg-style-scroll   container_wrap sidebar_right' style = 'background-color: #cccccc; '  ><div class='container' ><div class='template-page content  av-content-small alpha units'><div class='post-entry post-entry-type-page post-entry-4237'><div class='entry-content-wrapper clearfix'>\n<section class=\"av_textblock_section \"  itemscope=\"itemscope\" itemtype=\"https:\/\/schema.org\/CreativeWork\" ><div class='avia_textblock  '   itemprop=\"text\" ><h3 style=\"text-align: center;\">Biz\u00a0RedHot<span style=\"color: #e10000;\">BIM<\/span>&#8216;iz<\/h3>\n<h1 style=\"text-align: center;\"><span style=\"color: #e10000;\">BIM<\/span> B\u0130Z\u0130M \u0130\u015e\u0130M\u0130Z<\/h1>\n<\/div><\/section>\n<div style='height:50px' class='hr hr-invisible  '><span class='hr-inner ' ><span class='hr-inner-style'><\/span><\/span><\/div>\n<div class='flex_column_table av-equal-height-column-flextable -flextable' ><div class=\"flex_column av_one_fourth  av-animated-generic bottom-to-top  flex_column_table_cell av-equal-height-column av-align-top av-zero-column-padding first  \" style='border-radius:0px; '><p><article class=\"iconbox iconbox_top main_color    \"  itemscope=\"itemscope\" itemtype=\"https:\/\/schema.org\/CreativeWork\" ><div class=\"iconbox_content\"><header class=\"entry-content-header\"><a href='http:\/\/rhb.com.tr\/tr\/services\/#planning' title='Stratejik Planlama'  class=\"iconbox_icon heading-color \" aria-hidden='true' data-av_icon='\ue8d9' data-av_iconfont='entypo-fontello'  ><\/a><h3 class='iconbox_content_title '  itemprop=\"headline\"  ><a href='http:\/\/rhb.com.tr\/tr\/services\/#planning' title='Stratejik Planlama' >Stratejik Planlama<\/a><\/h3><\/header><div class='iconbox_content_container  '  itemprop=\"text\"  ><p><strong>BIM<\/strong> sonucu d\u00fc\u015f\u00fcnerek ba\u015flamakt\u0131r. <strong>Yat\u0131r\u0131m Maliyetlerinin<\/strong> y\u00fcksek oranda <strong>geri d\u00f6n\u00fc\u015f\u00fc<\/strong> i\u00e7in Stratejik BIM <strong>Uygulama Planlamas\u0131<\/strong> yap\u0131lmas\u0131 gerekir.<\/p>\n<\/div><\/div><footer class=\"entry-footer\"><\/footer><\/article><br \/>\n<div style='height:1px; margin-top:-45px'  class='hr hr-invisible  '><span class='hr-inner ' ><span class='hr-inner-style'><\/span><\/span><\/div><br \/>\n<section class=\"av_textblock_section \"  itemscope=\"itemscope\" itemtype=\"https:\/\/schema.org\/CreativeWork\" ><div class='avia_textblock  '   itemprop=\"text\" ><div class='avia-button-wrap avia-button-center '><a href='http:\/\/rhb.com.tr\/tr\/services\/#planning' class='avia-button   avia-icon_select-no avia-color-theme-color avia-size-small avia-position-center '   ><span class='avia_iconbox_title' >DAHA FAZLASI...<\/span><\/a><\/div>\n<\/div><\/section><\/p><\/div><\/div><!--close column table wrapper. Autoclose: 1 --><div class='flex_column_table av-equal-height-column-flextable -flextable' ><div class='av-flex-placeholder'><\/div><div class=\"flex_column av_one_fourth  av-animated-generic bottom-to-top  flex_column_table_cell av-equal-height-column av-align-top av-zero-column-padding   \" style='border-radius:0px; '><p><article class=\"iconbox iconbox_top main_color    \"  itemscope=\"itemscope\" itemtype=\"https:\/\/schema.org\/CreativeWork\" ><div class=\"iconbox_content\"><header class=\"entry-content-header\"><a href='http:\/\/rhb.com.tr\/tr\/services\/#design' title='Tasar\u0131m'  class=\"iconbox_icon heading-color \" aria-hidden='true' data-av_icon='\ue80b' data-av_iconfont='entypo-fontello'  ><\/a><h3 class='iconbox_content_title '  itemprop=\"headline\"  ><a href='http:\/\/rhb.com.tr\/tr\/services\/#design' title='Tasar\u0131m' >Tasar\u0131m<\/a><\/h3><\/header><div class='iconbox_content_container  '  itemprop=\"text\"  ><p><strong>BIM<\/strong>, Mimari, M\u00fchendislik ve \u0130n\u015faat bilgisinin <strong>i\u015fbirli\u011fi<\/strong> i\u00e7inde \u00fcretilmesini sa\u011flar.<\/p>\n<\/div><\/div><footer class=\"entry-footer\"><\/footer><\/article><br \/>\n<div style='height:1px; margin-top:-45px'  class='hr hr-invisible  '><span class='hr-inner ' ><span class='hr-inner-style'><\/span><\/span><\/div><br \/>\n<section class=\"av_textblock_section \"  itemscope=\"itemscope\" itemtype=\"https:\/\/schema.org\/CreativeWork\" ><div class='avia_textblock  '   itemprop=\"text\" ><div class='avia-button-wrap avia-button-center '><a href='http:\/\/rhb.com.tr\/tr\/services\/#design' class='avia-button   avia-icon_select-no avia-color-theme-color avia-size-small avia-position-center '   ><span class='avia_iconbox_title' >DAHA FAZLASI...<\/span><\/a><\/div>\n<\/div><\/section><\/p><\/div><\/div><!--close column table wrapper. Autoclose: 1 --><div class='flex_column_table av-equal-height-column-flextable -flextable' ><div class='av-flex-placeholder'><\/div><div class=\"flex_column av_one_fourth  av-animated-generic bottom-to-top  flex_column_table_cell av-equal-height-column av-align-top av-zero-column-padding   \" style='border-radius:0px; '><p><article class=\"iconbox iconbox_top main_color    \"  itemscope=\"itemscope\" itemtype=\"https:\/\/schema.org\/CreativeWork\" ><div class=\"iconbox_content\"><header class=\"entry-content-header\"><a href='http:\/\/rhb.com.tr\/tr\/services\/#construction' title='\u0130n\u015faat'  class=\"iconbox_icon heading-color \" aria-hidden='true' data-av_icon='\ue856' data-av_iconfont='entypo-fontello'  ><\/a><h3 class='iconbox_content_title '  itemprop=\"headline\"  ><a href='http:\/\/rhb.com.tr\/tr\/services\/#construction' title='\u0130n\u015faat' >\u0130n\u015faat<\/a><\/h3><\/header><div class='iconbox_content_container  '  itemprop=\"text\"  ><p><strong>BIM<\/strong> do\u011fru <strong>bilgiyi<\/strong>, do\u011fru <strong>insana<\/strong>, do\u011fru <strong>zamanda<\/strong> sa\u011flar.. Bilgiye en \u00e7ok ihtiya\u00e7 olan yer ise: <strong>\u015eantiyedir!<\/strong><\/p>\n<\/div><\/div><footer class=\"entry-footer\"><\/footer><\/article><br \/>\n<div style='height:1px; margin-top:-45px'  class='hr hr-invisible  '><span class='hr-inner ' ><span class='hr-inner-style'><\/span><\/span><\/div><br \/>\n<section class=\"av_textblock_section \"  itemscope=\"itemscope\" itemtype=\"https:\/\/schema.org\/CreativeWork\" ><div class='avia_textblock  '   itemprop=\"text\" ><div class='avia-button-wrap avia-button-center '><a href='http:\/\/rhb.com.tr\/tr\/services\/#construction' class='avia-button   avia-icon_select-no avia-color-theme-color avia-size-small avia-position-center '   ><span class='avia_iconbox_title' >DAHA FAZLASI...<\/span><\/a><\/div>\n<\/div><\/section><\/p><\/div><\/div><!--close column table wrapper. Autoclose: 1 --><div class='flex_column_table av-equal-height-column-flextable -flextable' ><div class='av-flex-placeholder'><\/div><div class=\"flex_column av_one_fourth  av-animated-generic bottom-to-top  flex_column_table_cell av-equal-height-column av-align-top av-zero-column-padding   \" style='border-radius:0px; '><p><article class=\"iconbox iconbox_top main_color    \"  itemscope=\"itemscope\" itemtype=\"https:\/\/schema.org\/CreativeWork\" ><div class=\"iconbox_content\"><header class=\"entry-content-header\"><a href='http:\/\/rhb.com.tr\/tr\/services\/#fm' title='Operasyon'  class=\"iconbox_icon heading-color \" aria-hidden='true' data-av_icon='\ue8ad' data-av_iconfont='entypo-fontello'  ><\/a><h3 class='iconbox_content_title '  itemprop=\"headline\"  ><a href='http:\/\/rhb.com.tr\/tr\/services\/#fm' title='Operasyon' >Operasyon<\/a><\/h3><\/header><div class='iconbox_content_container  '  itemprop=\"text\"  ><p>Yap\u0131 <strong>bilgisini,<\/strong> yap\u0131 <strong>y\u00f6netim<\/strong> faz\u0131na ta\u015f\u0131yabilmek,\u00a0<strong>\u0130\u015fletme Maliyetlerini<\/strong> b\u00fcy\u00fck oranda <strong>d\u00fc\u015f\u00fcr\u00fcr.<\/strong><\/p>\n<\/div><\/div><footer class=\"entry-footer\"><\/footer><\/article><br \/>\n<div style='height:1px; margin-top:-45px'  class='hr hr-invisible  '><span class='hr-inner ' ><span class='hr-inner-style'><\/span><\/span><\/div><br \/>\n<section class=\"av_textblock_section \"  itemscope=\"itemscope\" itemtype=\"https:\/\/schema.org\/CreativeWork\" ><div class='avia_textblock  '   itemprop=\"text\" ><div class='avia-button-wrap avia-button-center '><a href='http:\/\/rhb.com.tr\/tr\/services\/#fm' class='avia-button   avia-icon_select-no avia-color-theme-color avia-size-small avia-position-center '   ><span class='avia_iconbox_title' >DAHA FAZLASI...<\/span><\/a><\/div>\n<\/div><\/section><\/p><\/div><\/div><!--close column table wrapper. Autoclose: 1 --><\/div><\/div><\/div><!-- close content main div --><\/div><\/div><div id='after_section_4' class='main_color av_default_container_wrap container_wrap sidebar_right'   ><div class='container' ><div class='template-page content  av-content-small alpha units'><div class='post-entry post-entry-type-page post-entry-4237'><div class='entry-content-wrapper clearfix'><div class='avia-button-wrap avia-button-center '><a href='https:\/\/rhb.com.tr\/tr\/contact\/' class='avia-button avia-button-fullwidth   avia-icon_select-no avia-color-custom '  style='color:#dddddd; background-color:#555555;  ' ><span class='avia_iconbox_title' >\u0130leti\u015fime Ge\u00e7in<\/span><span class='avia_button_background avia-button avia-button-fullwidth avia-color-theme-color' ><\/span><\/a><\/div><\/p>\n","protected":false},"excerpt":{"rendered":"","protected":false},"author":1,"featured_media":0,"parent":4228,"menu_order":0,"comment_status":"closed","ping_status":"closed","template":"","meta":{"footnotes":""},"class_list":["post-4237","page","type-page","status-publish","hentry"],"_links":{"self":[{"href":"https:\/\/rhb.com.tr\/tr\/wp-json\/wp\/v2\/pages\/4237","targetHints":{"allow":["GET"]}}],"collection":[{"href":"https:\/\/rhb.com.tr\/tr\/wp-json\/wp\/v2\/pages"}],"about":[{"href":"https:\/\/rhb.com.tr\/tr\/wp-json\/wp\/v2\/types\/page"}],"author":[{"embeddable":true,"href":"https:\/\/rhb.com.tr\/tr\/wp-json\/wp\/v2\/users\/1"}],"replies":[{"embeddable":true,"href":"https:\/\/rhb.com.tr\/tr\/wp-json\/wp\/v2\/comments?post=4237"}],"version-history":[{"count":17,"href":"https:\/\/rhb.com.tr\/tr\/wp-json\/wp\/v2\/pages\/4237\/revisions"}],"predecessor-version":[{"id":4256,"href":"https:\/\/rhb.com.tr\/tr\/wp-json\/wp\/v2\/pages\/4237\/revisions\/4256"}],"up":[{"embeddable":true,"href":"https:\/\/rhb.com.tr\/tr\/wp-json\/wp\/v2\/pages\/4228"}],"wp:attachment":[{"href":"https:\/\/rhb.com.tr\/tr\/wp-json\/wp\/v2\/media?parent=4237"}],"curies":[{"name":"wp","href":"https:\/\/api.w.org\/{rel}","templated":true}]}}