{"id":4330,"date":"2016-10-26T13:38:54","date_gmt":"2016-10-26T13:38:54","guid":{"rendered":"http:\/\/rhb.com.tr\/?page_id=4330&#038;lang=tr"},"modified":"2016-10-26T13:39:13","modified_gmt":"2016-10-26T13:39:13","slug":"dw","status":"publish","type":"page","link":"http:\/\/rhb.com.tr\/tr\/dw\/","title":{"rendered":"DWQA Questions"},"content":{"rendered":"<div class=\"dwqa-container\" ><div class=\"dwqa-questions-archive\"><form id=\"dwqa-search\" class=\"dwqa-search\"><input data-nonce=\"8ef91dc163\" type=\"text\" placeholder=\"What do you want to know?\" name=\"qs\" value=\"\"><\/form><div class=\"dwqa-question-filter\"><span>Filter:<\/span><a href=\"\/tr\/wp-json\/wp\/v2\/pages\/4330?filter=all\" class=\"active\">T\u00fcm\u00fc<\/a><a href=\"\/tr\/wp-json\/wp\/v2\/pages\/4330?filter=open\" class=\"\">A\u00e7\u0131k<\/a><a href=\"\/tr\/wp-json\/wp\/v2\/pages\/4330?filter=resolved\" class=\"\">\u00c7\u00f6z\u00fclm\u00fc\u015f<\/a><a href=\"\/tr\/wp-json\/wp\/v2\/pages\/4330?filter=closed\" class=\"\">Kapal\u0131<\/a><a href=\"\/tr\/wp-json\/wp\/v2\/pages\/4330?filter=unanswered\" class=\"\">Unanswered<\/a><select id=\"dwqa-sort-by\" class=\"dwqa-sort-by\" onchange=\"this.options[this.selectedIndex].value && (window.location = this.options[this.selectedIndex].value);\"><option selected disabled>Sort by<\/option><option value=\"\/tr\/wp-json\/wp\/v2\/pages\/4330?sort=views\">Views<\/option><option value=\"\/tr\/wp-json\/wp\/v2\/pages\/4330?sort=answers\">Cevaplar<\/option><option value=\"\/tr\/wp-json\/wp\/v2\/pages\/4330?sort=votes\">Votes<\/option><\/select><\/div><div class=\"dwqa-questions-list\"><div class=\"dwqa-question-item dwqa-sticky dwqa-status-closed\"><header class=\"dwqa-question-title\"><a href=\"http:\/\/rhb.com.tr\/tr\/dug\/dynamo-istanbul-kullanici-grubu\/\">Dynamo.istanbul Kullan\u0131c\u0131 Grubu<\/a><\/header><div class=\"dwqa-question-meta\"><span title=\"Kapal\u0131\" class=\"dwqa-status dwqa-status-closed\">Kapal\u0131<\/span><span><a href=\"http:\/\/rhb.com.tr\/dynamo\/?user=mpd\"><img alt='' src='https:\/\/secure.gravatar.com\/avatar\/28b09f6eca61ba0c4588e0539a55c3e9faad1f11cfcc6f0e3839f6442fc1f26f?s=48&#038;d=mm&#038;r=g' srcset='https:\/\/secure.gravatar.com\/avatar\/28b09f6eca61ba0c4588e0539a55c3e9faad1f11cfcc6f0e3839f6442fc1f26f?s=96&#038;d=mm&#038;r=g 2x' class='avatar avatar-48 photo' height='48' width='48' \/>mpd<\/a> asked 9 years ago<\/span><span class=\"dwqa-question-category\"><span class=\"dwqa-sep\">&nbsp;&bull;&nbsp;<\/span><a href=\"http:\/\/rhb.com.tr\/tr\/dug\/category\/faq\/\" rel=\"tag\">FAQ<\/a><\/span><\/div><div class=\"dwqa-question-stats\"><span class=\"dwqa-views-count\"><strong>3581<\/strong> views<\/span><span class=\"dwqa-answers-count\"><strong>0<\/strong> answers<\/span><span class=\"dwqa-votes-count\"><strong>1<\/strong> votes<\/span><\/div><\/div><div class=\"dwqa-question-item dwqa-status-answered\"><header class=\"dwqa-question-title\"><a href=\"http:\/\/rhb.com.tr\/tr\/dug\/dynamo-istanbul-4-bulusma-14-11-2016\/\">Dynamo.istanbul 4. Bulu\u015fma 14.11.2016<\/a><\/header><div class=\"dwqa-question-meta\"><span title=\"Cevaplanm\u0131\u015f\" class=\"dwqa-status dwqa-status-answered\">Cevaplanm\u0131\u015f<\/span><span><a href=\"http:\/\/rhb.com.tr\/dynamo\/?user=mpd\"><img alt='' src='https:\/\/secure.gravatar.com\/avatar\/28b09f6eca61ba0c4588e0539a55c3e9faad1f11cfcc6f0e3839f6442fc1f26f?s=48&#038;d=mm&#038;r=g' srcset='https:\/\/secure.gravatar.com\/avatar\/28b09f6eca61ba0c4588e0539a55c3e9faad1f11cfcc6f0e3839f6442fc1f26f?s=96&#038;d=mm&#038;r=g 2x' class='avatar avatar-48 photo' height='48' width='48' \/>mpd<\/a> cevaplanma 9 years ago<\/span><span class=\"dwqa-question-category\"><span class=\"dwqa-sep\">&nbsp;&bull;&nbsp;<\/span><a href=\"http:\/\/rhb.com.tr\/tr\/dug\/category\/meeting\/\" rel=\"tag\">Meeting<\/a><\/span><\/div><div class=\"dwqa-question-stats\"><span class=\"dwqa-views-count\"><strong>3556<\/strong> views<\/span><span class=\"dwqa-answers-count\"><strong>1<\/strong> answers<\/span><span class=\"dwqa-votes-count\"><strong>1<\/strong> votes<\/span><\/div><\/div><\/div><div class=\"dwqa-questions-footer\"><\/div><\/div><\/div>\n","protected":false},"excerpt":{"rendered":"","protected":false},"author":1,"featured_media":0,"parent":0,"menu_order":0,"comment_status":"closed","ping_status":"closed","template":"","meta":{"footnotes":""},"class_list":["post-4330","page","type-page","status-publish","hentry"],"_links":{"self":[{"href":"http:\/\/rhb.com.tr\/tr\/wp-json\/wp\/v2\/pages\/4330","targetHints":{"allow":["GET"]}}],"collection":[{"href":"http:\/\/rhb.com.tr\/tr\/wp-json\/wp\/v2\/pages"}],"about":[{"href":"http:\/\/rhb.com.tr\/tr\/wp-json\/wp\/v2\/types\/page"}],"author":[{"embeddable":true,"href":"http:\/\/rhb.com.tr\/tr\/wp-json\/wp\/v2\/users\/1"}],"replies":[{"embeddable":true,"href":"http:\/\/rhb.com.tr\/tr\/wp-json\/wp\/v2\/comments?post=4330"}],"version-history":[{"count":1,"href":"http:\/\/rhb.com.tr\/tr\/wp-json\/wp\/v2\/pages\/4330\/revisions"}],"predecessor-version":[{"id":4331,"href":"http:\/\/rhb.com.tr\/tr\/wp-json\/wp\/v2\/pages\/4330\/revisions\/4331"}],"wp:attachment":[{"href":"http:\/\/rhb.com.tr\/tr\/wp-json\/wp\/v2\/media?parent=4330"}],"curies":[{"name":"wp","href":"https:\/\/api.w.org\/{rel}","templated":true}]}}