{"id":4305,"date":"2016-10-26T08:46:35","date_gmt":"2016-10-26T08:46:35","guid":{"rendered":"http:\/\/rhb.com.tr\/?page_id=4305&#038;lang=tr"},"modified":"2016-10-26T08:48:40","modified_gmt":"2016-10-26T08:48:40","slug":"news","status":"publish","type":"page","link":"http:\/\/rhb.com.tr\/tr\/news\/","title":{"rendered":"Haberler"},"content":{"rendered":"<div class='template-blog  av-blog-meta-author-disabled '  itemscope=\"itemscope\" itemtype=\"https:\/\/schema.org\/Blog\" ><article class='post-entry post-entry-type-standard post-entry-4426 post-loop-1 post-parity-odd single-big  post-4426 post type-post status-publish format-standard hentry category-dynamo-tr'  itemscope=\"itemscope\" itemtype=\"https:\/\/schema.org\/BlogPosting\" ><div class='blog-meta'><\/div><div class='entry-content-wrapper clearfix standard-content'><header class=\"entry-content-header\"><h2 class='post-title entry-title'  itemprop=\"headline\" >\t<a href='http:\/\/rhb.com.tr\/tr\/dynamo-istanbul-kullanici-grubu-bulusmasi-04\/' rel='bookmark' title='Kal\u0131c\u0131 Link: Dynamo.istanbul Kullan\u0131c\u0131 Grubu Bulu\u015fmas\u0131 04'>Dynamo.istanbul Kullan\u0131c\u0131 Grubu Bulu\u015fmas\u0131 04\t\t\t<span class='post-format-icon minor-meta'><\/span>\t<\/a><\/h2><span class='post-meta-infos'><time class='date-container minor-meta updated' >2017-01-03<\/time><span class='text-sep text-sep-date'>\/<\/span><span class='comment-container minor-meta'><a href=\"http:\/\/rhb.com.tr\/tr\/dynamo-istanbul-kullanici-grubu-bulusmasi-04\/#respond\" class=\"comments-link\" >0 Yorumlar<\/a><\/span><span class='text-sep text-sep-comment'>\/<\/span><span class=\"blog-categories minor-meta\">in <a href=\"http:\/\/rhb.com.tr\/tr\/category\/dynamo-tr\/\" rel=\"tag\">Dynamo User Group<\/a> <\/span><span class=\"text-sep text-sep-cat\">\/<\/span><span class=\"blog-author minor-meta\">taraf\u0131ndan <span class=\"entry-author-link\" ><span class=\"vcard author\"><span class=\"fn\"><a href=\"http:\/\/rhb.com.tr\/tr\/author\/mpd\/\" title=\"Posts by mpd\" rel=\"author\">mpd<\/a><\/span><\/span><\/span><\/span><\/span><\/header><div class=\"entry-content\"  itemprop=\"text\" ><div  class='avia-video avia-video-16-9   '  itemprop=\"video\" itemtype=\"https:\/\/schema.org\/VideoObject\" ><div class='avia-iframe-wrap'><iframe loading=\"lazy\" width=\"1500\" height=\"844\" src=\"https:\/\/www.youtube.com\/embed\/C8FxcutxXE8?feature=oembed\" frameborder=\"0\" allowfullscreen><\/iframe><\/div><\/div>\n<p>Dynamo.istanbul 04 Bulu\u015fmas\u0131.<\/p>\n<p>Konu\u015fmac\u0131:<br \/>\nCansu Yeni &#8211; Tabanl\u0131o\u011flu Mimarl\u0131k<\/p>\n<p>Event Sponsoru:<br \/>\nRHB Mimarl\u0131k, \u0130n\u015faat, Dan\u0131\u015fmanl\u0131k Ltd. \u015eti.<\/p>\n<p>Lokasyon Sponsoru:<br \/>\nI.T.U. Institute of Engineering, Science and Technology.<br \/>\nArchitectural Design Computing Graduate Program.<\/p>\n<\/div><footer class=\"entry-footer\"><\/footer><div class='post_delimiter'><\/div><\/div><div class='post_author_timeline'><\/div><span class='hidden'>\n\t\t\t<span class='av-structured-data'  itemscope=\"itemscope\" itemtype=\"https:\/\/schema.org\/ImageObject\"  itemprop='image'>\n\t\t\t\t\t   <span itemprop='url' >http:\/\/rhb.com.tr\/wp-content\/uploads\/2015\/11\/rhb156logo.png<\/span>\n\t\t\t\t\t   <span itemprop='height' >0<\/span>\n\t\t\t\t\t   <span itemprop='width' >0<\/span>\n\t\t\t\t  <\/span><span class='av-structured-data'  itemprop=\"publisher\" itemtype=\"https:\/\/schema.org\/Organization\" itemscope=\"itemscope\" >\n\t\t\t\t<span itemprop='name'>mpd<\/span>\n\t\t\t\t<span itemprop='logo' itemscope itemtype='http:\/\/schema.org\/ImageObject'>\n\t\t\t\t   <span itemprop='url'>http:\/\/rhb.com.tr\/wp-content\/uploads\/2015\/11\/rhb156logo.png<\/span>\n\t\t\t\t <\/span>\n\t\t\t  <\/span><span class='av-structured-data'  itemprop=\"author\" itemscope=\"itemscope\" itemtype=\"https:\/\/schema.org\/Person\" ><span itemprop='name'>mpd<\/span><\/span><span class='av-structured-data'  itemprop=\"datePublished\" datetime=\"2017-01-03T09:47:43+03:00\" >2017-01-03 09:47:43<\/span><span class='av-structured-data'  itemprop=\"dateModified\" itemtype=\"https:\/\/schema.org\/dateModified\" >2017-01-03 09:47:43<\/span><span class='av-structured-data'  itemprop=\"mainEntityOfPage\" itemtype=\"https:\/\/schema.org\/mainEntityOfPage\" ><span itemprop='name'>Dynamo.istanbul Kullan\u0131c\u0131 Grubu Bulu\u015fmas\u0131 04<\/span><\/span><\/span><\/article><article class='post-entry post-entry-type-standard post-entry-4416 post-loop-2 post-parity-even single-big  post-4416 post type-post status-publish format-standard hentry category-dynamo-tr'  itemscope=\"itemscope\" itemtype=\"https:\/\/schema.org\/BlogPosting\" ><div class='blog-meta'><\/div><div class='entry-content-wrapper clearfix standard-content'><header class=\"entry-content-header\"><h2 class='post-title entry-title'  itemprop=\"headline\" >\t<a href='http:\/\/rhb.com.tr\/tr\/dynamo-istanbul-kullanici-grubu-bulusmasi-03\/' rel='bookmark' title='Kal\u0131c\u0131 Link: Dynamo.istanbul Kullan\u0131c\u0131 Grubu Bulu\u015fmas\u0131 03'>Dynamo.istanbul Kullan\u0131c\u0131 Grubu Bulu\u015fmas\u0131 03\t\t\t<span class='post-format-icon minor-meta'><\/span>\t<\/a><\/h2><span class='post-meta-infos'><time class='date-container minor-meta updated' >2016-12-27<\/time><span class='text-sep text-sep-date'>\/<\/span><span class='comment-container minor-meta'><a href=\"http:\/\/rhb.com.tr\/tr\/dynamo-istanbul-kullanici-grubu-bulusmasi-03\/#respond\" class=\"comments-link\" >0 Yorumlar<\/a><\/span><span class='text-sep text-sep-comment'>\/<\/span><span class=\"blog-categories minor-meta\">in <a href=\"http:\/\/rhb.com.tr\/tr\/category\/dynamo-tr\/\" rel=\"tag\">Dynamo User Group<\/a> <\/span><span class=\"text-sep text-sep-cat\">\/<\/span><span class=\"blog-author minor-meta\">taraf\u0131ndan <span class=\"entry-author-link\" ><span class=\"vcard author\"><span class=\"fn\"><a href=\"http:\/\/rhb.com.tr\/tr\/author\/mpd\/\" title=\"Posts by mpd\" rel=\"author\">mpd<\/a><\/span><\/span><\/span><\/span><\/span><\/header><div class=\"entry-content\"  itemprop=\"text\" ><div  class='avia-video avia-video-16-9   '  itemprop=\"video\" itemtype=\"https:\/\/schema.org\/VideoObject\" ><div class='avia-iframe-wrap'><iframe loading=\"lazy\" width=\"1500\" height=\"844\" src=\"https:\/\/www.youtube.com\/embed\/v8oFEbJOdkI?feature=oembed\" frameborder=\"0\" allowfullscreen><\/iframe><\/div><\/div>\n<p>Dynamo.istanbul 03 Bulu\u015fmas\u0131.<\/p>\n<p>Konu\u015fmac\u0131:<br \/>\nBar\u0131\u015f Canpolat &#8211; Yaz\u0131l\u0131m 3d<\/p>\n<p>Event Sponsoru:<br \/>\nRHB Mimarl\u0131k, \u0130n\u015faat, Dan\u0131\u015fmanl\u0131k Ltd. \u015eti.<\/p>\n<p>Lokasyon Sponsoru:<br \/>\nI.T.U. Institute of Engineering, Science and Technology.<br \/>\nArchitectural Design Computing Graduate Program.<\/p>\n<\/div><footer class=\"entry-footer\"><\/footer><div class='post_delimiter'><\/div><\/div><div class='post_author_timeline'><\/div><span class='hidden'>\n\t\t\t<span class='av-structured-data'  itemscope=\"itemscope\" itemtype=\"https:\/\/schema.org\/ImageObject\"  itemprop='image'>\n\t\t\t\t\t   <span itemprop='url' >http:\/\/rhb.com.tr\/wp-content\/uploads\/2015\/11\/rhb156logo.png<\/span>\n\t\t\t\t\t   <span itemprop='height' >0<\/span>\n\t\t\t\t\t   <span itemprop='width' >0<\/span>\n\t\t\t\t  <\/span><span class='av-structured-data'  itemprop=\"publisher\" itemtype=\"https:\/\/schema.org\/Organization\" itemscope=\"itemscope\" >\n\t\t\t\t<span itemprop='name'>mpd<\/span>\n\t\t\t\t<span itemprop='logo' itemscope itemtype='http:\/\/schema.org\/ImageObject'>\n\t\t\t\t   <span itemprop='url'>http:\/\/rhb.com.tr\/wp-content\/uploads\/2015\/11\/rhb156logo.png<\/span>\n\t\t\t\t <\/span>\n\t\t\t  <\/span><span class='av-structured-data'  itemprop=\"author\" itemscope=\"itemscope\" itemtype=\"https:\/\/schema.org\/Person\" ><span itemprop='name'>mpd<\/span><\/span><span class='av-structured-data'  itemprop=\"datePublished\" datetime=\"2016-12-27T16:36:28+03:00\" >2016-12-27 16:36:28<\/span><span class='av-structured-data'  itemprop=\"dateModified\" itemtype=\"https:\/\/schema.org\/dateModified\" >2016-12-27 16:38:17<\/span><span class='av-structured-data'  itemprop=\"mainEntityOfPage\" itemtype=\"https:\/\/schema.org\/mainEntityOfPage\" ><span itemprop='name'>Dynamo.istanbul Kullan\u0131c\u0131 Grubu Bulu\u015fmas\u0131 03<\/span><\/span><\/span><\/article><article class='post-entry post-entry-type-standard post-entry-4409 post-loop-3 post-parity-odd single-big  post-4409 post type-post status-publish format-standard hentry category-dynamo-tr'  itemscope=\"itemscope\" itemtype=\"https:\/\/schema.org\/BlogPosting\" ><div class='blog-meta'><\/div><div class='entry-content-wrapper clearfix standard-content'><header class=\"entry-content-header\"><h2 class='post-title entry-title'  itemprop=\"headline\" >\t<a href='http:\/\/rhb.com.tr\/tr\/dynamo-istanbul-kullanici-grubu-bulusmasi-02\/' rel='bookmark' title='Kal\u0131c\u0131 Link: Dynamo.istanbul Kullan\u0131c\u0131 Grubu Bulu\u015fmas\u0131 02'>Dynamo.istanbul Kullan\u0131c\u0131 Grubu Bulu\u015fmas\u0131 02\t\t\t<span class='post-format-icon minor-meta'><\/span>\t<\/a><\/h2><span class='post-meta-infos'><time class='date-container minor-meta updated' >2016-12-27<\/time><span class='text-sep text-sep-date'>\/<\/span><span class='comment-container minor-meta'><a href=\"http:\/\/rhb.com.tr\/tr\/dynamo-istanbul-kullanici-grubu-bulusmasi-02\/#respond\" class=\"comments-link\" >0 Yorumlar<\/a><\/span><span class='text-sep text-sep-comment'>\/<\/span><span class=\"blog-categories minor-meta\">in <a href=\"http:\/\/rhb.com.tr\/tr\/category\/dynamo-tr\/\" rel=\"tag\">Dynamo User Group<\/a> <\/span><span class=\"text-sep text-sep-cat\">\/<\/span><span class=\"blog-author minor-meta\">taraf\u0131ndan <span class=\"entry-author-link\" ><span class=\"vcard author\"><span class=\"fn\"><a href=\"http:\/\/rhb.com.tr\/tr\/author\/mpd\/\" title=\"Posts by mpd\" rel=\"author\">mpd<\/a><\/span><\/span><\/span><\/span><\/span><\/header><div class=\"entry-content\"  itemprop=\"text\" ><div  class='avia-video avia-video-16-9   '  itemprop=\"video\" itemtype=\"https:\/\/schema.org\/VideoObject\" ><div class='avia-iframe-wrap'><iframe loading=\"lazy\" width=\"1500\" height=\"844\" src=\"https:\/\/www.youtube.com\/embed\/Xz2wXrQxPzo?feature=oembed\" frameborder=\"0\" allowfullscreen><\/iframe><\/div><\/div>\n<p>Dynamo.istanbul 02 Bulu\u015fmas\u0131.<\/p>\n<p>Konu\u015fmac\u0131lar:<br \/>\nBurcu Evin Acet &#8211; BOLD<br \/>\nMehmet Akcan &#8211; BOLD<\/p>\n<p>Event Sponsoru:<br \/>\nRHB Mimarl\u0131k, \u0130n\u015faat, Dan\u0131\u015fmanl\u0131k Ltd. \u015eti.<\/p>\n<p>Lokasyon Sponsoru:<br \/>\nI.T.U. Institute of Engineering, Science and Technology.<br \/>\nArchitectural Design Computing Graduate Program.<\/p>\n<\/div><footer class=\"entry-footer\"><\/footer><div class='post_delimiter'><\/div><\/div><div class='post_author_timeline'><\/div><span class='hidden'>\n\t\t\t<span class='av-structured-data'  itemscope=\"itemscope\" itemtype=\"https:\/\/schema.org\/ImageObject\"  itemprop='image'>\n\t\t\t\t\t   <span itemprop='url' >http:\/\/rhb.com.tr\/wp-content\/uploads\/2015\/11\/rhb156logo.png<\/span>\n\t\t\t\t\t   <span itemprop='height' >0<\/span>\n\t\t\t\t\t   <span itemprop='width' >0<\/span>\n\t\t\t\t  <\/span><span class='av-structured-data'  itemprop=\"publisher\" itemtype=\"https:\/\/schema.org\/Organization\" itemscope=\"itemscope\" >\n\t\t\t\t<span itemprop='name'>mpd<\/span>\n\t\t\t\t<span itemprop='logo' itemscope itemtype='http:\/\/schema.org\/ImageObject'>\n\t\t\t\t   <span itemprop='url'>http:\/\/rhb.com.tr\/wp-content\/uploads\/2015\/11\/rhb156logo.png<\/span>\n\t\t\t\t <\/span>\n\t\t\t  <\/span><span class='av-structured-data'  itemprop=\"author\" itemscope=\"itemscope\" itemtype=\"https:\/\/schema.org\/Person\" ><span itemprop='name'>mpd<\/span><\/span><span class='av-structured-data'  itemprop=\"datePublished\" datetime=\"2016-12-27T16:32:19+03:00\" >2016-12-27 16:32:19<\/span><span class='av-structured-data'  itemprop=\"dateModified\" itemtype=\"https:\/\/schema.org\/dateModified\" >2016-12-27 16:32:33<\/span><span class='av-structured-data'  itemprop=\"mainEntityOfPage\" itemtype=\"https:\/\/schema.org\/mainEntityOfPage\" ><span itemprop='name'>Dynamo.istanbul Kullan\u0131c\u0131 Grubu Bulu\u015fmas\u0131 02<\/span><\/span><\/span><\/article><article class='post-entry post-entry-type-standard post-entry-4399 post-loop-4 post-parity-even single-big  post-4399 post type-post status-publish format-standard hentry category-dynamo-tr'  itemscope=\"itemscope\" itemtype=\"https:\/\/schema.org\/BlogPosting\" ><div class='blog-meta'><\/div><div class='entry-content-wrapper clearfix standard-content'><header class=\"entry-content-header\"><h2 class='post-title entry-title'  itemprop=\"headline\" >\t<a href='http:\/\/rhb.com.tr\/tr\/dynamo-istanbul-kullanici-grubu-bulusmasi-01-bolum-01\/' rel='bookmark' title='Kal\u0131c\u0131 Link: Dynamo.istanbul Kullan\u0131c\u0131 Grubu Bulu\u015fmas\u0131 01 B\u00f6l\u00fcm 01'>Dynamo.istanbul Kullan\u0131c\u0131 Grubu Bulu\u015fmas\u0131 01 B\u00f6l\u00fcm 01\t\t\t<span class='post-format-icon minor-meta'><\/span>\t<\/a><\/h2><span class='post-meta-infos'><time class='date-container minor-meta updated' >2016-12-27<\/time><span class='text-sep text-sep-date'>\/<\/span><span class='comment-container minor-meta'><a href=\"http:\/\/rhb.com.tr\/tr\/dynamo-istanbul-kullanici-grubu-bulusmasi-01-bolum-01\/#respond\" class=\"comments-link\" >0 Yorumlar<\/a><\/span><span class='text-sep text-sep-comment'>\/<\/span><span class=\"blog-categories minor-meta\">in <a href=\"http:\/\/rhb.com.tr\/tr\/category\/dynamo-tr\/\" rel=\"tag\">Dynamo User Group<\/a> <\/span><span class=\"text-sep text-sep-cat\">\/<\/span><span class=\"blog-author minor-meta\">taraf\u0131ndan <span class=\"entry-author-link\" ><span class=\"vcard author\"><span class=\"fn\"><a href=\"http:\/\/rhb.com.tr\/tr\/author\/mpd\/\" title=\"Posts by mpd\" rel=\"author\">mpd<\/a><\/span><\/span><\/span><\/span><\/span><\/header><div class=\"entry-content\"  itemprop=\"text\" ><div  class='avia-video avia-video-16-9   '  itemprop=\"video\" itemtype=\"https:\/\/schema.org\/VideoObject\" ><div class='avia-iframe-wrap'><iframe loading=\"lazy\" width=\"1500\" height=\"844\" src=\"https:\/\/www.youtube.com\/embed\/312cBCBvpWY?feature=oembed\" frameborder=\"0\" allowfullscreen><\/iframe><\/div><\/div>\n<p>Dynamo.istanbul 01 bulu\u015fmas\u0131n\u0131n ilk b\u00f6l\u00fcm\u00fc..<br \/>\n\u00c7ekimi eski ekipman\u0131m\u0131zla yapt\u0131\u011f\u0131m\u0131z i\u00e7in edit&#8217;lemek biraz zaman ald\u0131. Muhtemelen benim konu\u015ftu\u011fum ikinci b\u00f6l\u00fcm\u00fc yeni ekipmanla tekrar \u00e7ekece\u011fim..<\/p>\n<p>Konu\u015fmac\u0131lar:<br \/>\nEnes Kaan Karabay &#8211; Patika (Part 01)<br \/>\nMehmet Polat Diker &#8211; RHB (Part 02)<\/p>\n<p>Event Sponsoru:<br \/>\nRHB Mimarl\u0131k, \u0130n\u015faat, Dan\u0131\u015fmanl\u0131k Ltd. \u015eti.<\/p>\n<p>Lokasyon Sponsoru:<br \/>\nI.T.U. Institute of Engineering, Science and Technology.<br \/>\nArchitectural Design Computing Graduate Program.<\/p>\n<\/div><footer class=\"entry-footer\"><\/footer><div class='post_delimiter'><\/div><\/div><div class='post_author_timeline'><\/div><span class='hidden'>\n\t\t\t<span class='av-structured-data'  itemscope=\"itemscope\" itemtype=\"https:\/\/schema.org\/ImageObject\"  itemprop='image'>\n\t\t\t\t\t   <span itemprop='url' >http:\/\/rhb.com.tr\/wp-content\/uploads\/2015\/11\/rhb156logo.png<\/span>\n\t\t\t\t\t   <span itemprop='height' >0<\/span>\n\t\t\t\t\t   <span itemprop='width' >0<\/span>\n\t\t\t\t  <\/span><span class='av-structured-data'  itemprop=\"publisher\" itemtype=\"https:\/\/schema.org\/Organization\" itemscope=\"itemscope\" >\n\t\t\t\t<span itemprop='name'>mpd<\/span>\n\t\t\t\t<span itemprop='logo' itemscope itemtype='http:\/\/schema.org\/ImageObject'>\n\t\t\t\t   <span itemprop='url'>http:\/\/rhb.com.tr\/wp-content\/uploads\/2015\/11\/rhb156logo.png<\/span>\n\t\t\t\t <\/span>\n\t\t\t  <\/span><span class='av-structured-data'  itemprop=\"author\" itemscope=\"itemscope\" itemtype=\"https:\/\/schema.org\/Person\" ><span itemprop='name'>mpd<\/span><\/span><span class='av-structured-data'  itemprop=\"datePublished\" datetime=\"2016-12-27T16:25:02+03:00\" >2016-12-27 16:25:02<\/span><span class='av-structured-data'  itemprop=\"dateModified\" itemtype=\"https:\/\/schema.org\/dateModified\" >2016-12-27 16:28:32<\/span><span class='av-structured-data'  itemprop=\"mainEntityOfPage\" itemtype=\"https:\/\/schema.org\/mainEntityOfPage\" ><span itemprop='name'>Dynamo.istanbul Kullan\u0131c\u0131 Grubu Bulu\u015fmas\u0131 01 B\u00f6l\u00fcm 01<\/span><\/span><\/span><\/article><article class='post-entry post-entry-type-standard post-entry-4207 post-loop-5 post-parity-odd single-big  post-4207 post type-post status-publish format-standard hentry category-dynamo-tr'  itemscope=\"itemscope\" itemtype=\"https:\/\/schema.org\/BlogPosting\" ><div class='blog-meta'><\/div><div class='entry-content-wrapper clearfix standard-content'><header class=\"entry-content-header\"><h2 class='post-title entry-title'  itemprop=\"headline\" >\t<a href='http:\/\/rhb.com.tr\/tr\/dynamo-istanbul-meeting-dates\/' rel='bookmark' title='Kal\u0131c\u0131 Link: Dynamo.istanbul Bulu\u015fma Tarihleri'>Dynamo.istanbul Bulu\u015fma Tarihleri\t\t\t<span class='post-format-icon minor-meta'><\/span>\t<\/a><\/h2><span class='post-meta-infos'><time class='date-container minor-meta updated' >2016-08-12<\/time><span class='text-sep text-sep-date'>\/<\/span><span class='comment-container minor-meta'><a href=\"http:\/\/rhb.com.tr\/tr\/dynamo-istanbul-meeting-dates\/#respond\" class=\"comments-link\" >0 Yorumlar<\/a><\/span><span class='text-sep text-sep-comment'>\/<\/span><span class=\"blog-categories minor-meta\">in <a href=\"http:\/\/rhb.com.tr\/tr\/category\/dynamo-tr\/\" rel=\"tag\">Dynamo User Group<\/a> <\/span><span class=\"text-sep text-sep-cat\">\/<\/span><span class=\"blog-author minor-meta\">taraf\u0131ndan <span class=\"entry-author-link\" ><span class=\"vcard author\"><span class=\"fn\"><a href=\"http:\/\/rhb.com.tr\/tr\/author\/mpd\/\" title=\"Posts by mpd\" rel=\"author\">mpd<\/a><\/span><\/span><\/span><\/span><\/span><\/header><div class=\"entry-content\"  itemprop=\"text\" ><p><a href=\"http:\/\/rhb.com.tr\/wp-content\/uploads\/2016\/08\/160812-DUG-poster.jpg\"><img loading=\"lazy\" decoding=\"async\" class=\"alignnone size-large wp-image-4205\" src=\"http:\/\/rhb.com.tr\/wp-content\/uploads\/2016\/08\/160812-DUG-poster-1030x728.jpg\" alt=\"160812 DUG poster\" width=\"1030\" height=\"728\" srcset=\"http:\/\/rhb.com.tr\/wp-content\/uploads\/2016\/08\/160812-DUG-poster-1030x728.jpg 1030w, http:\/\/rhb.com.tr\/wp-content\/uploads\/2016\/08\/160812-DUG-poster-300x212.jpg 300w, http:\/\/rhb.com.tr\/wp-content\/uploads\/2016\/08\/160812-DUG-poster-768x543.jpg 768w, http:\/\/rhb.com.tr\/wp-content\/uploads\/2016\/08\/160812-DUG-poster-1500x1061.jpg 1500w, http:\/\/rhb.com.tr\/wp-content\/uploads\/2016\/08\/160812-DUG-poster-260x185.jpg 260w, http:\/\/rhb.com.tr\/wp-content\/uploads\/2016\/08\/160812-DUG-poster-705x499.jpg 705w, http:\/\/rhb.com.tr\/wp-content\/uploads\/2016\/08\/160812-DUG-poster-450x318.jpg 450w\" sizes=\"auto, (max-width: 1030px) 100vw, 1030px\" \/><\/a><\/p>\n<p>&nbsp;<\/p>\n<p>Zeynep Bac\u0131no\u011flu ve\u00a0Cansu Yeni&#8217;ye <strong>Dynamo.istanbul<\/strong> bulu\u015fmas\u0131 i\u00e7in \u0130stanbul Teknik \u00dcniversitesi&#8217;nde yer organize ettikleri i\u00e7in \u00e7ok te\u015fekk\u00fcr ederiz.<\/p>\n<p>\u0130lk bulu\u015fmam\u0131z\u00a022\/A\u011fustos\/2016 tarihinde Ta\u015fk\u0131\u015fla&#8217;da ger\u00e7ekle\u015fecek.<\/p>\n<p>Kat\u0131l\u0131m i\u00e7in l\u00fctfen yandaki formu eksiksiz doldurun ve gelen email\u2019i onaylay\u0131n. (Listeyi Dekanl\u0131\u011fa sunmak durumunda oldu\u011fumuz i\u00e7in l\u00fctfen hatas\u0131z doldurun)<\/p>\n<p>G\u00f6r\u00fc\u015fmek \u00fczere..<\/p>\n<\/div><footer class=\"entry-footer\"><\/footer><div class='post_delimiter'><\/div><\/div><div class='post_author_timeline'><\/div><span class='hidden'>\n\t\t\t<span class='av-structured-data'  itemscope=\"itemscope\" itemtype=\"https:\/\/schema.org\/ImageObject\"  itemprop='image'>\n\t\t\t\t\t   <span itemprop='url' >http:\/\/rhb.com.tr\/wp-content\/uploads\/2015\/11\/rhb156logo.png<\/span>\n\t\t\t\t\t   <span itemprop='height' >0<\/span>\n\t\t\t\t\t   <span itemprop='width' >0<\/span>\n\t\t\t\t  <\/span><span class='av-structured-data'  itemprop=\"publisher\" itemtype=\"https:\/\/schema.org\/Organization\" itemscope=\"itemscope\" >\n\t\t\t\t<span itemprop='name'>mpd<\/span>\n\t\t\t\t<span itemprop='logo' itemscope itemtype='http:\/\/schema.org\/ImageObject'>\n\t\t\t\t   <span itemprop='url'>http:\/\/rhb.com.tr\/wp-content\/uploads\/2015\/11\/rhb156logo.png<\/span>\n\t\t\t\t <\/span>\n\t\t\t  <\/span><span class='av-structured-data'  itemprop=\"author\" itemscope=\"itemscope\" itemtype=\"https:\/\/schema.org\/Person\" ><span itemprop='name'>mpd<\/span><\/span><span class='av-structured-data'  itemprop=\"datePublished\" datetime=\"2016-08-12T11:02:50+03:00\" >2016-08-12 11:02:50<\/span><span class='av-structured-data'  itemprop=\"dateModified\" itemtype=\"https:\/\/schema.org\/dateModified\" >2016-10-27 15:25:19<\/span><span class='av-structured-data'  itemprop=\"mainEntityOfPage\" itemtype=\"https:\/\/schema.org\/mainEntityOfPage\" ><span itemprop='name'>Dynamo.istanbul Bulu\u015fma Tarihleri<\/span><\/span><\/span><\/article><article class='post-entry post-entry-type-standard post-entry-4183 post-loop-6 post-parity-even post-entry-last single-big  post-4183 post type-post status-publish format-standard hentry category-dynamo-tr'  itemscope=\"itemscope\" itemtype=\"https:\/\/schema.org\/BlogPosting\" ><div class='blog-meta'><\/div><div class='entry-content-wrapper clearfix standard-content'><header class=\"entry-content-header\"><h2 class='post-title entry-title'  itemprop=\"headline\" >\t<a href='http:\/\/rhb.com.tr\/tr\/istanbul-dynamo-kullanici-grubu\/' rel='bookmark' title='Kal\u0131c\u0131 Link: istanbul Dynamo Kullan\u0131c\u0131 Grubu'>istanbul Dynamo Kullan\u0131c\u0131 Grubu\t\t\t<span class='post-format-icon minor-meta'><\/span>\t<\/a><\/h2><span class='post-meta-infos'><time class='date-container minor-meta updated' >2016-05-21<\/time><span class='text-sep text-sep-date'>\/<\/span><span class='comment-container minor-meta'><a href=\"http:\/\/rhb.com.tr\/tr\/istanbul-dynamo-kullanici-grubu\/#respond\" class=\"comments-link\" >0 Yorumlar<\/a><\/span><span class='text-sep text-sep-comment'>\/<\/span><span class=\"blog-categories minor-meta\">in <a href=\"http:\/\/rhb.com.tr\/tr\/category\/dynamo-tr\/\" rel=\"tag\">Dynamo User Group<\/a> <\/span><span class=\"text-sep text-sep-cat\">\/<\/span><span class=\"blog-author minor-meta\">taraf\u0131ndan <span class=\"entry-author-link\" ><span class=\"vcard author\"><span class=\"fn\"><a href=\"http:\/\/rhb.com.tr\/tr\/author\/mpd\/\" title=\"Posts by mpd\" rel=\"author\">mpd<\/a><\/span><\/span><\/span><\/span><\/span><\/header><div class=\"entry-content\"  itemprop=\"text\" ><p><a href=\"http:\/\/rhb.com.tr\/wp-content\/uploads\/2016\/05\/Dynamo.ist_.png\"><img loading=\"lazy\" decoding=\"async\" class=\"alignnone size-medium wp-image-4165\" src=\"http:\/\/rhb.com.tr\/wp-content\/uploads\/2016\/05\/Dynamo.ist_-300x108.png\" alt=\"Dynamo.ist\" width=\"300\" height=\"108\" \/><\/a><\/p>\n<p>\u0130stanbul ve Ankara&#8217;da harika insanlar\u0131n kat\u0131l\u0131m\u0131yla ger\u00e7ekle\u015ftirdi\u011fimiz workshop&#8217;lardan sonra\u00a0s\u0131ra<\/p>\n<p><strong>\u0130stanbul Dynamo Kullan\u0131c\u0131 Grubu<\/strong>&#8216;nu\u00a0olu\u015fturmaya geldi.<\/p>\n<p>\u0130stanbul&#8217;a yak\u0131\u015fan iki alan ad\u0131 ald\u0131k!<\/p>\n<p><a href=\"http:\/\/www.dynamo.ist\">www.dynamo.ist<\/a><\/p>\n<p><a href=\"http:\/\/www.dynamo.istanbul\">www.dynamo.istanbul<\/a><\/p>\n<p>Kat\u0131l\u0131m i\u00e7in l\u00fctfen yandaki formu eksiksiz doldurun ve gelen email&#8217;i onaylay\u0131n.<\/p>\n<p>&nbsp;<\/p>\n<p>Yak\u0131nda bulu\u015fmalarda g\u00f6r\u00fc\u015fmek \u00fczere..<\/p>\n<\/div><footer class=\"entry-footer\"><\/footer><div class='post_delimiter'><\/div><\/div><div class='post_author_timeline'><\/div><span class='hidden'>\n\t\t\t<span class='av-structured-data'  itemscope=\"itemscope\" itemtype=\"https:\/\/schema.org\/ImageObject\"  itemprop='image'>\n\t\t\t\t\t   <span itemprop='url' >http:\/\/rhb.com.tr\/wp-content\/uploads\/2015\/11\/rhb156logo.png<\/span>\n\t\t\t\t\t   <span itemprop='height' >0<\/span>\n\t\t\t\t\t   <span itemprop='width' >0<\/span>\n\t\t\t\t  <\/span><span class='av-structured-data'  itemprop=\"publisher\" itemtype=\"https:\/\/schema.org\/Organization\" itemscope=\"itemscope\" >\n\t\t\t\t<span itemprop='name'>mpd<\/span>\n\t\t\t\t<span itemprop='logo' itemscope itemtype='http:\/\/schema.org\/ImageObject'>\n\t\t\t\t   <span itemprop='url'>http:\/\/rhb.com.tr\/wp-content\/uploads\/2015\/11\/rhb156logo.png<\/span>\n\t\t\t\t <\/span>\n\t\t\t  <\/span><span class='av-structured-data'  itemprop=\"author\" itemscope=\"itemscope\" itemtype=\"https:\/\/schema.org\/Person\" ><span itemprop='name'>mpd<\/span><\/span><span class='av-structured-data'  itemprop=\"datePublished\" datetime=\"2016-05-21T13:17:02+03:00\" >2016-05-21 13:17:02<\/span><span class='av-structured-data'  itemprop=\"dateModified\" itemtype=\"https:\/\/schema.org\/dateModified\" >2016-10-27 15:25:51<\/span><span class='av-structured-data'  itemprop=\"mainEntityOfPage\" itemtype=\"https:\/\/schema.org\/mainEntityOfPage\" ><span itemprop='name'>istanbul Dynamo Kullan\u0131c\u0131 Grubu<\/span><\/span><\/span><\/article><div class='single-big'><nav class='pagination'><span class='pagination-meta'>Seite 1 von 2<\/span><span class='current'>1<\/span><a href='http:\/\/rhb.com.tr\/tr\/wp-json\/wp\/v2\/pages\/4305\/page\/2\/' class='inactive' >2<\/a><\/nav>\n<\/div><\/div>\n","protected":false},"excerpt":{"rendered":"","protected":false},"author":1,"featured_media":0,"parent":0,"menu_order":0,"comment_status":"closed","ping_status":"closed","template":"","meta":{"footnotes":""},"class_list":["post-4305","page","type-page","status-publish","hentry"],"_links":{"self":[{"href":"http:\/\/rhb.com.tr\/tr\/wp-json\/wp\/v2\/pages\/4305","targetHints":{"allow":["GET"]}}],"collection":[{"href":"http:\/\/rhb.com.tr\/tr\/wp-json\/wp\/v2\/pages"}],"about":[{"href":"http:\/\/rhb.com.tr\/tr\/wp-json\/wp\/v2\/types\/page"}],"author":[{"embeddable":true,"href":"http:\/\/rhb.com.tr\/tr\/wp-json\/wp\/v2\/users\/1"}],"replies":[{"embeddable":true,"href":"http:\/\/rhb.com.tr\/tr\/wp-json\/wp\/v2\/comments?post=4305"}],"version-history":[{"count":3,"href":"http:\/\/rhb.com.tr\/tr\/wp-json\/wp\/v2\/pages\/4305\/revisions"}],"predecessor-version":[{"id":4395,"href":"http:\/\/rhb.com.tr\/tr\/wp-json\/wp\/v2\/pages\/4305\/revisions\/4395"}],"wp:attachment":[{"href":"http:\/\/rhb.com.tr\/tr\/wp-json\/wp\/v2\/media?parent=4305"}],"curies":[{"name":"wp","href":"https:\/\/api.w.org\/{rel}","templated":true}]}}