{"id":4228,"date":"2016-10-20T08:39:09","date_gmt":"2016-10-20T08:39:09","guid":{"rendered":"http:\/\/rhb.com.tr\/?page_id=4228&#038;lang=tr"},"modified":"2016-10-20T13:44:52","modified_gmt":"2016-10-20T13:44:52","slug":"you","status":"publish","type":"page","link":"http:\/\/rhb.com.tr\/tr\/you\/","title":{"rendered":"Sizinle \u00c7al\u0131\u015f\u0131yoruz"},"content":{"rendered":"<\/div><\/div><\/div><!-- close content main div --><\/div><\/div><div id='full_slider_1' class='avia-fullwidth-slider main_color avia-shadow   container_wrap sidebar_right'   ><div  data-size='featured'  data-lightbox_size='large'  data-animation='fade'  data-ids='4100'  data-video_counter='0'  data-autoplay='false'  data-bg_slider='false'  data-slide_height=''  data-handle='av_slideshow_full'  data-interval='5'  data-class=' '  data-css_id=''  data-scroll_down=''  data-control_layout='av-control-default'  data-custom_markup=''  data-perma_caption=''  data-autoplay_stopper=''  data-image_attachment=''  data-min_height='0px'  data-src=''  data-position='top left'  data-repeat='no-repeat'  data-attach='scroll'  data-stretch=''  data-default-height='28.666666666667'  class='avia-slideshow avia-slideshow-1  av-control-default av-default-height-applied avia-slideshow-featured av_slideshow_full   avia-fade-slider '  itemscope=\"itemscope\" itemtype=\"https:\/\/schema.org\/ImageObject\" ><ul class='avia-slideshow-inner' style='padding-bottom: 28.666666666667%;'><li  class=' av-single-slide slide-1 ' ><div data-rel='slideshow-1' class='avia-slide-wrap'  ><img src='http:\/\/rhb.com.tr\/wp-content\/uploads\/2015\/12\/11-owners.jpg' width='1500' height='430' title='11-owners' alt=''  itemprop=\"thumbnailUrl\"   \/><\/div><\/li><\/ul><\/div><\/div>\n<\/div><\/div><\/div><!-- close content main div --><\/div><\/div><div id='av_section_1' class='avia-section main_color avia-section-default avia-no-shadow avia-bg-style-scroll   container_wrap sidebar_right'   ><div class='container' ><div class='template-page content  av-content-small alpha units'><div class='post-entry post-entry-type-page post-entry-4228'><div class='entry-content-wrapper clearfix'>\n<div class='flex_column_table av-equal-height-column-flextable -flextable' ><div class=\"flex_column av_one_half  av-animated-generic left-to-right  flex_column_table_cell av-equal-height-column av-align-top av-zero-column-padding first  \" style='border-radius:0px; '><section class=\"av_textblock_section \"  itemscope=\"itemscope\" itemtype=\"https:\/\/schema.org\/CreativeWork\" ><div class='avia_textblock  '   itemprop=\"text\" ><h1 style=\"text-align: right;\"><span style=\"color: #e10000;\">S\u0130Z\u0130NLE<\/span>\u00a0B\u0130RL\u0130KTE \u00c7ALI\u015eIYORUZ<\/h1>\n<\/div><\/section><\/div><\/div><!--close column table wrapper. Autoclose: 1 --><div class='flex_column_table av-equal-height-column-flextable -flextable' ><div class='av-flex-placeholder'><\/div><div class=\"flex_column av_one_half  av-animated-generic right-to-left  flex_column_table_cell av-equal-height-column av-align-top av-zero-column-padding   \" style='border-radius:0px; '><section class=\"av_textblock_section \"  itemscope=\"itemscope\" itemtype=\"https:\/\/schema.org\/CreativeWork\" ><div class='avia_textblock  '   itemprop=\"text\" ><p style=\"text-align: left;\">Daha <strong>iyiyi in\u015fa etmeye<\/strong> inanan <strong>Mimar<\/strong> ve <strong>M\u00fchendislerden<\/strong> olu\u015fan bir ekibiz.<\/p>\n<p style=\"text-align: left;\"><strong>Profesyonel Hizmetlerimizle<\/strong> birlikte <strong>Bilgisay\u0131ml\u0131 Tasar\u0131m<\/strong> ve <strong>BIM<\/strong> bilgi ve tecr\u00fcbelerimizi sizlerle payla\u015f\u0131yoruz.<\/p>\n<p style=\"text-align: left;\">Nas\u0131l yap\u0131laca\u011f\u0131n\u0131 s\u00f6yleyip ge\u00e7mektense, i\u015fin i\u00e7ine <strong>sizinle<\/strong> birlikte girip <strong>hedeflerinizi<\/strong> daha iyi anlamaya haz\u0131r ve istekliyiz.<br \/>\nProfesyonel Hizmetlerimizi ve BIM S\u00fcrecini sizin<strong> ihtiya\u00e7lar\u0131n\u0131za<\/strong> uyarlamak i\u00e7in birlikte \u00e7al\u0131\u015faca\u011f\u0131z.<\/p>\n<\/div><\/section><\/div><\/div><!--close column table wrapper. Autoclose: 1 -->\n<\/div><\/div><\/div><!-- close content main div --><\/div><\/div><div id='after_section_1' class='main_color av_default_container_wrap container_wrap sidebar_right'   ><div class='container' ><div class='template-page content  av-content-small alpha units'><div class='post-entry post-entry-type-page post-entry-4228'><div class='entry-content-wrapper clearfix'>\n<\/div><\/div><\/div><!-- close content main div --><\/div><\/div><div id='av_section_2' class='avia-section main_color avia-section-default avia-no-shadow avia-bg-style-scroll   container_wrap sidebar_right' style = 'background-color: #cccccc; '  ><div class='container' ><div class='template-page content  av-content-small alpha units'><div class='post-entry post-entry-type-page post-entry-4228'><div class='entry-content-wrapper clearfix'>\n<section class=\"av_textblock_section \"  itemscope=\"itemscope\" itemtype=\"https:\/\/schema.org\/CreativeWork\" ><div class='avia_textblock  '   itemprop=\"text\" ><h3 style=\"text-align: center;\">BIM model yapmak de\u011fil, bilgi modeli tabanl\u0131 \u00e7al\u0131\u015fmakt\u0131r.<\/h3>\n<h1 style=\"text-align: center;\"><span style=\"color: #e10000;\">BIM <span style=\"color: #000000;\">S\u00dcREC\u0130N\u0130ZDE<\/span><\/span>\u00a0<span style=\"color: #e10000;\">YANINIZDA <span style=\"color: #000000;\">OLALIM<\/span><\/span><\/h1>\n<\/div><\/section>\n<div style='height:50px' class='hr hr-invisible  '><span class='hr-inner ' ><span class='hr-inner-style'><\/span><\/span><\/div>\n<div class='flex_column_table av-equal-height-column-flextable -flextable' ><div class=\"flex_column av_one_third  av-animated-generic bottom-to-top  flex_column_table_cell av-equal-height-column av-align-top av-zero-column-padding first  \" style='border-radius:0px; '><p><article class=\"iconbox iconbox_top main_color    \"  itemscope=\"itemscope\" itemtype=\"https:\/\/schema.org\/CreativeWork\" ><div class=\"iconbox_content\"><header class=\"entry-content-header\"><a href='http:\/\/rhb.com.tr\/tr\/dynamo\/' title='\u0130\u015eVERENLER'  class=\"iconbox_icon heading-color \" aria-hidden='true' data-av_icon='\ue80a' data-av_iconfont='entypo-fontello'  ><\/a><h3 class='iconbox_content_title '  itemprop=\"headline\"  ><a href='http:\/\/rhb.com.tr\/tr\/dynamo\/' title='\u0130\u015eVERENLER' >\u0130\u015eVERENLER<\/a><\/h3><\/header><div class='iconbox_content_container  '  itemprop=\"text\"  ><p>Proje Payda\u015flar\u0131n\u0131n <strong>BIM<\/strong>&#8216;den anlad\u0131\u011f\u0131 sizinle ayn\u0131 m\u0131?<\/p>\n<p>Sonu\u00e7ta bu <strong>sizin yat\u0131r\u0131m\u0131n\u0131z!<\/strong><\/p>\n<p><strong>Uluslararas\u0131 Standartlar<\/strong> ve <strong>Tecr\u00fcbelere<\/strong> uygun olarak Proje Payda\u015flar\u0131n\u0131n kabiliyet ve beklentilerini, sizin <strong>BIM Hedeflerinize<\/strong> uyarl\u0131yoruz.<\/p>\n<\/div><\/div><footer class=\"entry-footer\"><\/footer><\/article><br \/>\n<div style='height:1px; margin-top:-45px'  class='hr hr-invisible  '><span class='hr-inner ' ><span class='hr-inner-style'><\/span><\/span><\/div><br \/>\n<section class=\"av_textblock_section \"  itemscope=\"itemscope\" itemtype=\"https:\/\/schema.org\/CreativeWork\" ><div class='avia_textblock  '   itemprop=\"text\" ><div class='avia-button-wrap avia-button-center '><a href='http:\/\/rhb.com.tr\/you\/owners\/' class='avia-button   avia-icon_select-no avia-color-theme-color avia-size-small avia-position-center '   ><span class='avia_iconbox_title' >DAHA FAZLASI...<\/span><\/a><\/div>\n<\/div><\/section><\/p><\/div><\/div><!--close column table wrapper. Autoclose: 1 --><div class='flex_column_table av-equal-height-column-flextable -flextable' ><div class='av-flex-placeholder'><\/div><div class=\"flex_column av_one_third  av-animated-generic bottom-to-top  flex_column_table_cell av-equal-height-column av-align-top av-zero-column-padding   \" style='border-radius:0px; '><p><article class=\"iconbox iconbox_top main_color    \"  itemscope=\"itemscope\" itemtype=\"https:\/\/schema.org\/CreativeWork\" ><div class=\"iconbox_content\"><header class=\"entry-content-header\"><a href='http:\/\/rhb.com.tr\/tr\/dynamo\/' title='M\u00dcTEAHH\u0130TLER'  class=\"iconbox_icon heading-color \" aria-hidden='true' data-av_icon='\ue856' data-av_iconfont='entypo-fontello'  ><\/a><h3 class='iconbox_content_title '  itemprop=\"headline\"  ><a href='http:\/\/rhb.com.tr\/tr\/dynamo\/' title='M\u00dcTEAHH\u0130TLER' >M\u00dcTEAHH\u0130TLER<\/a><\/h3><\/header><div class='iconbox_content_container  '  itemprop=\"text\"  ><p>Ger\u00e7ek yap\u0131y\u0131 siz in\u015fa etti\u011finiz i\u00e7in, ileri seviyede geli\u015ftirilmi\u015f dijital modeli in\u015fa etmek te sizden bekleniyor.<\/p>\n<p><strong>BIM teslim<\/strong> edebilmenize ve daha \u00f6nemlisi <strong>BIM<\/strong>&#8216;den <strong>faydalanman\u0131za<\/strong> yard\u0131m ediyoruz!<\/p>\n<\/div><\/div><footer class=\"entry-footer\"><\/footer><\/article><br \/>\n<div style='height:1px; margin-top:-45px'  class='hr hr-invisible  '><span class='hr-inner ' ><span class='hr-inner-style'><\/span><\/span><\/div><br \/>\n<section class=\"av_textblock_section \"  itemscope=\"itemscope\" itemtype=\"https:\/\/schema.org\/CreativeWork\" ><div class='avia_textblock  '   itemprop=\"text\" ><div class='avia-button-wrap avia-button-center '><a href='http:\/\/rhb.com.tr\/you\/contractors\/' class='avia-button   avia-icon_select-no avia-color-theme-color avia-size-small avia-position-center '   ><span class='avia_iconbox_title' >DAHA FAZLASI...<\/span><\/a><\/div>\n<\/div><\/section><\/p><\/div><\/div><!--close column table wrapper. Autoclose: 1 --><div class='flex_column_table av-equal-height-column-flextable -flextable' ><div class='av-flex-placeholder'><\/div><div class=\"flex_column av_one_third  av-animated-generic bottom-to-top  flex_column_table_cell av-equal-height-column av-align-top av-zero-column-padding   \" style='border-radius:0px; '><p><article class=\"iconbox iconbox_top main_color    \"  itemscope=\"itemscope\" itemtype=\"https:\/\/schema.org\/CreativeWork\" ><div class=\"iconbox_content\"><header class=\"entry-content-header\"><a href='http:\/\/rhb.com.tr\/tr\/dynamo\/' title='\u0130\u015eLETMEC\u0130LER'  class=\"iconbox_icon heading-color \" aria-hidden='true' data-av_icon='\ue8d7' data-av_iconfont='entypo-fontello'  ><\/a><h3 class='iconbox_content_title '  itemprop=\"headline\"  ><a href='http:\/\/rhb.com.tr\/tr\/dynamo\/' title='\u0130\u015eLETMEC\u0130LER' >\u0130\u015eLETMEC\u0130LER<\/a><\/h3><\/header><div class='iconbox_content_container  '  itemprop=\"text\"  ><p><strong>Yap\u0131 Verisi<\/strong> elinizde olabilir.. Email&#8217;lerde, excel&#8217;lerde ve ya \u00e7izimlerde..<\/p>\n<p>Bu verileri <strong>Operasyonel Bilgi<\/strong>ye d\u00f6n\u00fc\u015ft\u00fcremedi\u011finiz takdirde size fayda sa\u011flamaz..<\/p>\n<\/div><\/div><footer class=\"entry-footer\"><\/footer><\/article><br \/>\n<div style='height:1px; margin-top:-45px'  class='hr hr-invisible  '><span class='hr-inner ' ><span class='hr-inner-style'><\/span><\/span><\/div><br \/>\n<section class=\"av_textblock_section \"  itemscope=\"itemscope\" itemtype=\"https:\/\/schema.org\/CreativeWork\" ><div class='avia_textblock  '   itemprop=\"text\" ><div class='avia-button-wrap avia-button-center '><a href='http:\/\/rhb.com.tr\/you\/managers\/' class='avia-button   avia-icon_select-no avia-color-theme-color avia-size-small avia-position-center '   ><span class='avia_iconbox_title' >DAHA FAZLASI...<\/span><\/a><\/div>\n<\/div><\/section><\/p><\/div><\/div><!--close column table wrapper. Autoclose: 1 --><\/div><\/div><\/div><!-- close content main div --><\/div><\/div><div id='after_section_2' class='main_color av_default_container_wrap container_wrap sidebar_right'   ><div class='container' ><div class='template-page content  av-content-small alpha units'><div class='post-entry post-entry-type-page post-entry-4228'><div class='entry-content-wrapper clearfix'><div class='avia-button-wrap avia-button-center '><a href='http:\/\/rhb.com.tr\/tr\/dynamo\/' class='avia-button avia-button-fullwidth   avia-icon_select-no avia-color-custom '  style='color:#dddddd; background-color:#555555;  ' ><span class='avia_iconbox_title' >\u0130leti\u015fime Ge\u00e7in<\/span><span class='avia_button_background avia-button avia-button-fullwidth avia-color-theme-color' ><\/span><\/a><\/div><\/p>\n","protected":false},"excerpt":{"rendered":"","protected":false},"author":1,"featured_media":0,"parent":0,"menu_order":0,"comment_status":"closed","ping_status":"closed","template":"","meta":{"footnotes":""},"class_list":["post-4228","page","type-page","status-publish","hentry"],"_links":{"self":[{"href":"http:\/\/rhb.com.tr\/tr\/wp-json\/wp\/v2\/pages\/4228","targetHints":{"allow":["GET"]}}],"collection":[{"href":"http:\/\/rhb.com.tr\/tr\/wp-json\/wp\/v2\/pages"}],"about":[{"href":"http:\/\/rhb.com.tr\/tr\/wp-json\/wp\/v2\/types\/page"}],"author":[{"embeddable":true,"href":"http:\/\/rhb.com.tr\/tr\/wp-json\/wp\/v2\/users\/1"}],"replies":[{"embeddable":true,"href":"http:\/\/rhb.com.tr\/tr\/wp-json\/wp\/v2\/comments?post=4228"}],"version-history":[{"count":6,"href":"http:\/\/rhb.com.tr\/tr\/wp-json\/wp\/v2\/pages\/4228\/revisions"}],"predecessor-version":[{"id":4274,"href":"http:\/\/rhb.com.tr\/tr\/wp-json\/wp\/v2\/pages\/4228\/revisions\/4274"}],"wp:attachment":[{"href":"http:\/\/rhb.com.tr\/tr\/wp-json\/wp\/v2\/media?parent=4228"}],"curies":[{"name":"wp","href":"https:\/\/api.w.org\/{rel}","templated":true}]}}