{"id":3247,"date":"2015-11-24T01:57:47","date_gmt":"2015-11-24T01:57:47","guid":{"rendered":"http:\/\/rhb.com.tr\/?page_id=3247&#038;lang=tr"},"modified":"2016-10-20T13:44:16","modified_gmt":"2016-10-20T13:44:16","slug":"home","status":"publish","type":"page","link":"http:\/\/rhb.com.tr\/tr\/","title":{"rendered":"Home"},"content":{"rendered":"<div id='fullscreen_slider_0' class='avia-fullscreen-slider main_color   container_wrap sidebar_right'   ><a href='#next-section' title='' class='scroll-down-link ' aria-hidden='true' data-av_icon='\ue877' data-av_iconfont='entypo-fontello'><\/a><div  data-size='extra_large'  data-lightbox_size='large'  data-animation='fade'  data-ids='3580'  data-video_counter='0'  data-autoplay='false'  data-bg_slider='true'  data-slide_height='100'  data-handle='av_fullscreen'  data-interval='5'  data-class=' '  data-css_id='fullscreen_slider_0'  data-scroll_down='aviaTBscroll_down'  data-control_layout=''  data-custom_markup=''  data-perma_caption='aviaTBperma_caption'  data-autoplay_stopper=''  data-image_attachment=''  data-min_height='0px'  data-stretch=''  data-default-height='100'  class='avia-slideshow avia-slideshow-1 av-slider-scroll-down-active av-default-height-applied avia-slideshow-extra_large av_fullscreen   avia-fade-slider '  itemscope=\"itemscope\" itemtype=\"https:\/\/schema.org\/ImageObject\" ><ul class='avia-slideshow-inner' style='padding-bottom: 60%;'><li style='background-position:top center;' data-img-url='http:\/\/rhb.com.tr\/wp-content\/uploads\/2015\/11\/1500x900d-1500x900.jpg' class=' av-single-slide slide-1 ' ><div data-rel='slideshow-1' class='avia-slide-wrap'  ><\/div><\/li><\/ul><div class = \"caption_fullwidth av-slideshow-caption caption_center caption_center_framed caption_framed\"><div class = \"container caption_container\"><div class = \"slideshow_caption\"><div class = \"slideshow_inner_caption\"><div class = \"slideshow_align_caption\"><h2  style='font-size:50px; ' class='avia-caption-title '  itemprop=\"name\" >\u0130nanc\u0131m\u0131z<\/h2><div class='avia-caption-content  av_inherit_color'  itemprop=\"description\"   style='font-size:90px; '><p>DAHA \u0130Y\u0130Y\u0130 \u0130N\u015eA ETMEK<\/p>\n<\/div><\/div><\/div><\/div><\/div><\/div><\/div><\/div>\n<\/div><\/div><\/div><!-- close content main div --><\/div><\/div><div id='av_section_1' class='avia-section main_color avia-section-default avia-no-shadow avia-bg-style-scroll   container_wrap sidebar_right'   ><div class='container' ><div class='template-page content  av-content-small alpha units'><div class='post-entry post-entry-type-page post-entry-3247'><div class='entry-content-wrapper clearfix'>\n<div class=\"flex_column av_one_half  flex_column_div av-zero-column-padding first  \" style='border-radius:0px; '><section class=\"av_textblock_section \"  itemscope=\"itemscope\" itemtype=\"https:\/\/schema.org\/CreativeWork\" ><div class='avia_textblock  '   itemprop=\"text\" ><h2 style=\"text-align: right;\"><span style=\"color: #e10000;\">in\u015fa etmeyi\u00a0<\/span>de\u011fi\u015ftiriyoruz,<\/h2>\n<h2 style=\"text-align: right;\"><span style=\"color: #e10000;\">iyiyi<\/span>\u00a0sunuyoruz..<\/h2>\n<\/div><\/section><\/div><div class=\"flex_column av_one_half  flex_column_div av-zero-column-padding   \" style='border-radius:0px; '><div class='avia-icon-list-container  '><ul class='avia-icon-list avia-icon-list-left av-iconlist-big avia_animate_when_almost_visible'>\n<li><div  class='iconlist_icon  avia-font-entypo-fontello'><span class='iconlist-char ' aria-hidden='true' data-av_icon='\ue8dd' data-av_iconfont='entypo-fontello'><\/span><\/div><article class=\"article-icon-entry \"  itemscope=\"itemscope\" itemtype=\"https:\/\/schema.org\/CreativeWork\" ><div class='iconlist_content_wrap'><header class=\"entry-content-header\"><h4 class='av_iconlist_title iconlist_title  '  itemprop=\"headline\"  >TEKNOLOJ\u0130<\/h4><\/header><div class='iconlist_content  '  itemprop=\"text\"  ><p>Projeleri sadece \u00e7izmiyoruz. Yap\u0131 Bilgi Modellemesi <strong>BIM\u00a0<\/strong>teknolojisi ile bilgisayar ortam\u0131nda, ger\u00e7ek in\u015faat elemanlar\u0131 ile in\u015fa ediyoruz.<\/p>\n<p>Dijital ortamda ger\u00e7ekle\u015ftirdi\u011fimiz bu in\u015faat s\u00fcrecinde, ger\u00e7ek in\u015faatta kar\u015f\u0131la\u015faca\u011f\u0131m\u0131z t\u00fcm sorunlar ortaya \u00e7\u0131k\u0131yor ve <strong>\u00e7\u00f6z\u00fcl\u00fcyor<\/strong>!<\/p>\n<p>\u0130n\u015fa etti\u011fimiz <strong>Dijital Yap\u0131<\/strong>dan her t\u00fcrl\u00fc bilgiyi alabiliyor, <strong>Bilgisay\u0131ml\u0131 Tasar\u0131m<\/strong> ve <strong>Yapay Zeka<\/strong> uygulamalar\u0131 ile <strong>s\u00fcrekli optimizasyon<\/strong> yap\u0131yoruz.<\/p>\n<\/div><\/div><footer class=\"entry-footer\"><\/footer><\/article><div class='iconlist-timeline'><\/div><\/li>\n<li><div  class='iconlist_icon  avia-font-entypo-fontello'><span class='iconlist-char ' aria-hidden='true' data-av_icon='\ue80b' data-av_iconfont='entypo-fontello'><\/span><\/div><article class=\"article-icon-entry \"  itemscope=\"itemscope\" itemtype=\"https:\/\/schema.org\/CreativeWork\" ><div class='iconlist_content_wrap'><header class=\"entry-content-header\"><h4 class='av_iconlist_title iconlist_title  '  itemprop=\"headline\"  >\u0130\u015e B\u0130RL\u0130\u011e\u0130<\/h4><\/header><div class='iconlist_content  '  itemprop=\"text\"  ><p><strong>Yeni<\/strong> , daha <strong>verimli<\/strong> ve <strong>ortakla\u015fa<\/strong> i\u015f ak\u0131\u015flar\u0131 i\u00e7in uygulamam\u0131z\u0131n merkezine <strong>BIM<\/strong> Modelini koyuyoruz.<\/p>\n<p>Bu sayede\u00a0t\u00fcm payda\u015flar\u0131n proje ile ilgili daha net bir <strong>vizyonu<\/strong> oluyor ve daha <strong>bilin\u00e7li<\/strong> kararlar\u0131 daha <strong>h\u0131zl\u0131<\/strong> alma kabiliyetlerini art\u0131yor .<\/p>\n<\/div><\/div><footer class=\"entry-footer\"><\/footer><\/article><div class='iconlist-timeline'><\/div><\/li>\n<li><div  class='iconlist_icon  avia-font-entypo-fontello'><span class='iconlist-char ' aria-hidden='true' data-av_icon='\ue82a' data-av_iconfont='entypo-fontello'><\/span><\/div><article class=\"article-icon-entry \"  itemscope=\"itemscope\" itemtype=\"https:\/\/schema.org\/CreativeWork\" ><div class='iconlist_content_wrap'><header class=\"entry-content-header\"><h4 class='av_iconlist_title iconlist_title  '  itemprop=\"headline\"  >L\u0130DERL\u0130K<\/h4><\/header><div class='iconlist_content  '  itemprop=\"text\"  ><p>End\u00fcstri <strong>tecr\u00fcbemizi<\/strong>\u00a0ve teknoloji <strong>bilgimizi<\/strong>\u00a0t\u00fcm proje payda\u015flar\u0131na aktararak, <strong>Uluslararas\u0131 Standartlarda<\/strong>, <strong>etkin<\/strong> ve <strong>verimli<\/strong> \u00fcretimleri i\u00e7in katk\u0131 sa\u011fl\u0131yoruz.<\/p>\n<\/div><\/div><footer class=\"entry-footer\"><\/footer><\/article><div class='iconlist-timeline'><\/div><\/li>\n<\/ul><\/div><\/div>\n<\/div><\/div><\/div><!-- close content main div --><\/div><\/div><div id='after_section_1' class='main_color av_default_container_wrap container_wrap sidebar_right'   ><div class='container' ><div class='template-page content  av-content-small alpha units'><div class='post-entry post-entry-type-page post-entry-3247'><div class='entry-content-wrapper clearfix'>\n<\/div><\/div><\/div><!-- close content main div --><\/div><\/div><div id='av_section_2' class='avia-section main_color avia-section-no-padding avia-no-border-styling avia-bg-style-fixed   av-minimum-height av-minimum-height-custom container_wrap sidebar_right' style = 'background-color: #000000; background-repeat: no-repeat; background-image: url(http:\/\/rhb.com.tr\/wp-content\/uploads\/2015\/11\/baku3d.jpg); background-attachment: fixed; background-position: center center; ' data-section-bg-repeat='no-repeat' ><div class='container' style='height:300px'><div class='template-page content  av-content-small alpha units'><div class='post-entry post-entry-type-page post-entry-3247'><div class='entry-content-wrapper clearfix'><\/div><\/div><\/div><!-- close content main div --><\/div><\/div><div id='after_section_2' class='main_color av_default_container_wrap container_wrap sidebar_right'   ><div class='container' ><div class='template-page content  av-content-small alpha units'><div class='post-entry post-entry-type-page post-entry-3247'><div class='entry-content-wrapper clearfix'>\n<\/div><\/div><\/div><!-- close content main div --><\/div><\/div><div id='av_section_3' class='avia-section main_color avia-section-default avia-no-shadow avia-bg-style-scroll   container_wrap sidebar_right' style = 'background-color: #cccccc; '  ><div class='container' ><div class='template-page content  av-content-small alpha units'><div class='post-entry post-entry-type-page post-entry-3247'><div class='entry-content-wrapper clearfix'>\n<section class=\"av_textblock_section \"  itemscope=\"itemscope\" itemtype=\"https:\/\/schema.org\/CreativeWork\" ><div class='avia_textblock  '   itemprop=\"text\" ><h3 style=\"text-align: center;\">BIM model yapmak de\u011fil, bilgi modeli tabanl\u0131 \u00e7al\u0131\u015fmakt\u0131r.<\/h3>\n<h1 style=\"text-align: center;\"><span style=\"color: #e10000;\">BIM <span style=\"color: #000000;\">S\u00dcREC\u0130N\u0130ZDE<\/span><\/span>\u00a0<span style=\"color: #e10000;\">YANINIZDA <span style=\"color: #000000;\">OLALIM<\/span><\/span><\/h1>\n<\/div><\/section>\n<div style='height:50px' class='hr hr-invisible  '><span class='hr-inner ' ><span class='hr-inner-style'><\/span><\/span><\/div>\n<div class='flex_column_table av-equal-height-column-flextable -flextable' ><div class=\"flex_column av_one_third  av-animated-generic bottom-to-top  flex_column_table_cell av-equal-height-column av-align-top av-zero-column-padding first  \" style='border-radius:0px; '><p><article class=\"iconbox iconbox_top main_color    \"  itemscope=\"itemscope\" itemtype=\"https:\/\/schema.org\/CreativeWork\" ><div class=\"iconbox_content\"><header class=\"entry-content-header\"><a href='http:\/\/rhb.com.tr\/tr\/you\/owners\/' title='\u0130\u015eVERENLER'  class=\"iconbox_icon heading-color \" aria-hidden='true' data-av_icon='\ue80a' data-av_iconfont='entypo-fontello'  ><\/a><h3 class='iconbox_content_title '  itemprop=\"headline\"  ><a href='http:\/\/rhb.com.tr\/tr\/you\/owners\/' title='\u0130\u015eVERENLER' >\u0130\u015eVERENLER<\/a><\/h3><\/header><div class='iconbox_content_container  '  itemprop=\"text\"  ><p>Proje Payda\u015flar\u0131n\u0131n <strong>BIM<\/strong>&#8216;den anlad\u0131\u011f\u0131 sizinle ayn\u0131 m\u0131?<\/p>\n<p>Sonu\u00e7ta bu <strong>sizin yat\u0131r\u0131m\u0131n\u0131z!<\/strong><\/p>\n<p><strong>Uluslararas\u0131 Standartlar<\/strong> ve <strong>Tecr\u00fcbelere<\/strong> uygun olarak Proje Payda\u015flar\u0131n\u0131n kabiliyet ve beklentilerini, sizin <strong>BIM Hedeflerinize<\/strong> uyarl\u0131yoruz.<\/p>\n<\/div><\/div><footer class=\"entry-footer\"><\/footer><\/article><br \/>\n<div style='height:1px; margin-top:-45px'  class='hr hr-invisible  '><span class='hr-inner ' ><span class='hr-inner-style'><\/span><\/span><\/div><br \/>\n<section class=\"av_textblock_section \"  itemscope=\"itemscope\" itemtype=\"https:\/\/schema.org\/CreativeWork\" ><div class='avia_textblock  '   itemprop=\"text\" ><div class='avia-button-wrap avia-button-center '><a href='http:\/\/rhb.com.tr\/you\/owners\/' class='avia-button   avia-icon_select-no avia-color-theme-color avia-size-small avia-position-center '   ><span class='avia_iconbox_title' >DAHA FAZLASI...<\/span><\/a><\/div>\n<\/div><\/section><\/p><\/div><\/div><!--close column table wrapper. Autoclose: 1 --><div class='flex_column_table av-equal-height-column-flextable -flextable' ><div class='av-flex-placeholder'><\/div><div class=\"flex_column av_one_third  av-animated-generic bottom-to-top  flex_column_table_cell av-equal-height-column av-align-top av-zero-column-padding   \" style='border-radius:0px; '><p><article class=\"iconbox iconbox_top main_color    \"  itemscope=\"itemscope\" itemtype=\"https:\/\/schema.org\/CreativeWork\" ><div class=\"iconbox_content\"><header class=\"entry-content-header\"><a href='http:\/\/rhb.com.tr\/tr\/you\/contractors\/' title='M\u00dcTEAHH\u0130TLER'  class=\"iconbox_icon heading-color \" aria-hidden='true' data-av_icon='\ue856' data-av_iconfont='entypo-fontello'  ><\/a><h3 class='iconbox_content_title '  itemprop=\"headline\"  ><a href='http:\/\/rhb.com.tr\/tr\/you\/contractors\/' title='M\u00dcTEAHH\u0130TLER' >M\u00dcTEAHH\u0130TLER<\/a><\/h3><\/header><div class='iconbox_content_container  '  itemprop=\"text\"  ><p>Ger\u00e7ek yap\u0131y\u0131 siz in\u015fa etti\u011finiz i\u00e7in, ileri seviyede geli\u015ftirilmi\u015f dijital modeli in\u015fa etmek te sizden bekleniyor.<\/p>\n<p><strong>BIM teslim<\/strong> edebilmenize ve daha \u00f6nemlisi <strong>BIM<\/strong>&#8216;den <strong>faydalanman\u0131za<\/strong> yard\u0131m ediyoruz!<\/p>\n<\/div><\/div><footer class=\"entry-footer\"><\/footer><\/article><br \/>\n<div style='height:1px; margin-top:-45px'  class='hr hr-invisible  '><span class='hr-inner ' ><span class='hr-inner-style'><\/span><\/span><\/div><br \/>\n<section class=\"av_textblock_section \"  itemscope=\"itemscope\" itemtype=\"https:\/\/schema.org\/CreativeWork\" ><div class='avia_textblock  '   itemprop=\"text\" ><div class='avia-button-wrap avia-button-center '><a href='http:\/\/rhb.com.tr\/you\/contractors\/' class='avia-button   avia-icon_select-no avia-color-theme-color avia-size-small avia-position-center '   ><span class='avia_iconbox_title' >DAHA FAZLASI...<\/span><\/a><\/div>\n<\/div><\/section><\/p><\/div><\/div><!--close column table wrapper. Autoclose: 1 --><div class='flex_column_table av-equal-height-column-flextable -flextable' ><div class='av-flex-placeholder'><\/div><div class=\"flex_column av_one_third  av-animated-generic bottom-to-top  flex_column_table_cell av-equal-height-column av-align-top av-zero-column-padding   \" style='border-radius:0px; '><p><article class=\"iconbox iconbox_top main_color    \"  itemscope=\"itemscope\" itemtype=\"https:\/\/schema.org\/CreativeWork\" ><div class=\"iconbox_content\"><header class=\"entry-content-header\"><a href='http:\/\/rhb.com.tr\/tr\/you\/facility-managers\/' title='\u0130\u015eLETMEC\u0130LER'  class=\"iconbox_icon heading-color \" aria-hidden='true' data-av_icon='\ue8d7' data-av_iconfont='entypo-fontello'  ><\/a><h3 class='iconbox_content_title '  itemprop=\"headline\"  ><a href='http:\/\/rhb.com.tr\/tr\/you\/facility-managers\/' title='\u0130\u015eLETMEC\u0130LER' >\u0130\u015eLETMEC\u0130LER<\/a><\/h3><\/header><div class='iconbox_content_container  '  itemprop=\"text\"  ><p><strong>Yap\u0131 Verisi<\/strong> elinizde olabilir.. Email&#8217;lerde, excel&#8217;lerde ve ya \u00e7izimlerde..<\/p>\n<p>Bu verileri <strong>Operasyonel Bilgi<\/strong>ye d\u00f6n\u00fc\u015ft\u00fcremedi\u011finiz takdirde size fayda sa\u011flamaz..<\/p>\n<\/div><\/div><footer class=\"entry-footer\"><\/footer><\/article><br \/>\n<div style='height:1px; margin-top:-45px'  class='hr hr-invisible  '><span class='hr-inner ' ><span class='hr-inner-style'><\/span><\/span><\/div><br \/>\n<section class=\"av_textblock_section \"  itemscope=\"itemscope\" itemtype=\"https:\/\/schema.org\/CreativeWork\" ><div class='avia_textblock  '   itemprop=\"text\" ><div class='avia-button-wrap avia-button-center '><a href='http:\/\/rhb.com.tr\/you\/managers\/' class='avia-button   avia-icon_select-no avia-color-theme-color avia-size-small avia-position-center '   ><span class='avia_iconbox_title' >DAHA FAZLASI...<\/span><\/a><\/div>\n<\/div><\/section><\/p><\/div><\/div><!--close column table wrapper. Autoclose: 1 --><\/div><\/div><\/div><!-- close content main div --><\/div><\/div><div id='after_section_3' class='main_color av_default_container_wrap container_wrap sidebar_right'   ><div class='container' ><div class='template-page content  av-content-small alpha units'><div class='post-entry post-entry-type-page post-entry-3247'><div class='entry-content-wrapper clearfix'><div class='avia-button-wrap avia-button-center '><a href='http:\/\/rhb.com.tr\/tr\/dynamo\/' class='avia-button avia-button-fullwidth   avia-icon_select-no avia-color-custom '  style='color:#dddddd; background-color:#555555;  ' ><span class='avia_iconbox_title' >\u0130leti\u015fime Ge\u00e7in<\/span><span class='avia_button_background avia-button avia-button-fullwidth avia-color-theme-color' ><\/span><\/a><\/div><\/p>\n","protected":false},"excerpt":{"rendered":"","protected":false},"author":1,"featured_media":0,"parent":0,"menu_order":0,"comment_status":"closed","ping_status":"closed","template":"","meta":{"footnotes":""},"class_list":["post-3247","page","type-page","status-publish","hentry"],"_links":{"self":[{"href":"http:\/\/rhb.com.tr\/tr\/wp-json\/wp\/v2\/pages\/3247","targetHints":{"allow":["GET"]}}],"collection":[{"href":"http:\/\/rhb.com.tr\/tr\/wp-json\/wp\/v2\/pages"}],"about":[{"href":"http:\/\/rhb.com.tr\/tr\/wp-json\/wp\/v2\/types\/page"}],"author":[{"embeddable":true,"href":"http:\/\/rhb.com.tr\/tr\/wp-json\/wp\/v2\/users\/1"}],"replies":[{"embeddable":true,"href":"http:\/\/rhb.com.tr\/tr\/wp-json\/wp\/v2\/comments?post=3247"}],"version-history":[{"count":22,"href":"http:\/\/rhb.com.tr\/tr\/wp-json\/wp\/v2\/pages\/3247\/revisions"}],"predecessor-version":[{"id":4273,"href":"http:\/\/rhb.com.tr\/tr\/wp-json\/wp\/v2\/pages\/3247\/revisions\/4273"}],"wp:attachment":[{"href":"http:\/\/rhb.com.tr\/tr\/wp-json\/wp\/v2\/media?parent=3247"}],"curies":[{"name":"wp","href":"https:\/\/api.w.org\/{rel}","templated":true}]}}